{"id":7600,"date":"2023-02-21T09:39:45","date_gmt":"2023-02-21T09:39:45","guid":{"rendered":"https:\/\/www.humanitastorrejon.com\/complementary-services\/psycho-pedagogical-orientation\/child-protection-protocol\/"},"modified":"2024-01-15T14:12:16","modified_gmt":"2024-01-15T14:12:16","slug":"child-protection-protocol","status":"publish","type":"page","link":"https:\/\/www.humanitastorrejon.com\/en\/complementary-services\/psycho-pedagogical-orientation\/child-protection-protocol\/","title":{"rendered":"Child Protection Protocol"},"content":{"rendered":"\t\t<div data-elementor-type=\"wp-page\" data-elementor-id=\"7600\" class=\"elementor elementor-7600 elementor-3544\">\n\t\t\t\t\t\t<section data-particle_enable=\"false\" data-particle-mobile-disabled=\"false\" class=\"elementor-section elementor-top-section elementor-element elementor-element-18fb73d0 elementor-section-content-middle proyectos elementor-section-boxed elementor-section-height-default elementor-section-height-default\" data-id=\"18fb73d0\" data-element_type=\"section\" data-e-type=\"section\" id=\"proyectos\" data-settings=\"{&quot;background_background&quot;:&quot;classic&quot;}\">\n\t\t\t\t\t\t<div class=\"elementor-container elementor-column-gap-no\">\n\t\t\t\t\t<div class=\"elementor-column elementor-col-100 elementor-top-column elementor-element elementor-element-1eea53e4\" data-id=\"1eea53e4\" data-element_type=\"column\" data-e-type=\"column\">\n\t\t\t<div class=\"elementor-widget-wrap elementor-element-populated\">\n\t\t\t\t\t\t<div class=\"elementor-element elementor-element-57e07e3c animated-slow elementor-invisible elementor-widget elementor-widget-heading\" data-id=\"57e07e3c\" data-element_type=\"widget\" data-e-type=\"widget\" data-settings=\"{&quot;_animation&quot;:&quot;fadeInUp&quot;,&quot;_animation_delay&quot;:100}\" data-widget_type=\"heading.default\">\n\t\t\t\t<div class=\"elementor-widget-container\">\n\t\t\t\t\t<h2 class=\"elementor-heading-title elementor-size-default\">Psycho-pedagogical orientation<\/h2>\t\t\t\t<\/div>\n\t\t\t\t<\/div>\n\t\t\t\t<div class=\"elementor-element elementor-element-61dcde5f animated-slow elementor-invisible elementor-widget elementor-widget-heading\" data-id=\"61dcde5f\" data-element_type=\"widget\" data-e-type=\"widget\" data-settings=\"{&quot;_animation&quot;:&quot;fadeInUp&quot;,&quot;_animation_delay&quot;:100}\" data-widget_type=\"heading.default\">\n\t\t\t\t<div class=\"elementor-widget-container\">\n\t\t\t\t\t<h1 class=\"elementor-heading-title elementor-size-default\">Child Protection Protocol<\/h1>\t\t\t\t<\/div>\n\t\t\t\t<\/div>\n\t\t\t\t\t<\/div>\n\t\t<\/div>\n\t\t\t\t\t<\/div>\n\t\t<\/section>\n\t\t\t\t<section data-particle_enable=\"false\" data-particle-mobile-disabled=\"false\" class=\"elementor-section elementor-top-section elementor-element elementor-element-61fbf514 elementor-section-boxed elementor-section-height-default elementor-section-height-default\" data-id=\"61fbf514\" data-element_type=\"section\" data-e-type=\"section\" data-settings=\"{&quot;background_background&quot;:&quot;classic&quot;}\">\n\t\t\t\t\t\t<div class=\"elementor-container elementor-column-gap-no\">\n\t\t\t\t\t<div class=\"elementor-column elementor-col-50 elementor-top-column elementor-element elementor-element-713a4fa\" data-id=\"713a4fa\" data-element_type=\"column\" data-e-type=\"column\">\n\t\t\t<div class=\"elementor-widget-wrap elementor-element-populated\">\n\t\t\t\t\t\t<div class=\"elementor-element elementor-element-8a88564 elementor-widget elementor-widget-spacer\" data-id=\"8a88564\" data-element_type=\"widget\" data-e-type=\"widget\" data-widget_type=\"spacer.default\">\n\t\t\t\t<div class=\"elementor-widget-container\">\n\t\t\t\t\t\t\t<div class=\"elementor-spacer\">\n\t\t\t<div class=\"elementor-spacer-inner\"><\/div>\n\t\t<\/div>\n\t\t\t\t\t\t<\/div>\n\t\t\t\t<\/div>\n\t\t\t\t<div class=\"elementor-element elementor-element-324cc99 elementor-widget elementor-widget-text-editor\" data-id=\"324cc99\" data-element_type=\"widget\" data-e-type=\"widget\" data-widget_type=\"text-editor.default\">\n\t\t\t\t<div class=\"elementor-widget-container\">\n\t\t\t\t\t\t\t\t\t<p style=\"text-align: justify;\">The health, safety and welfare of all our students are of paramount importance to all professionals working at H.B.S. Our students are entitled to protection regardless of age, gender, ethnicity, culture or disability. They have the right to be safe at school.<\/p>\n<p style=\"text-align: justify;\"> As part of the H.B.S. Educational Project, teaching personal, social and health citizenship helps to develop appropriate attitudes in our students and makes them aware of the impact of their decisions on others. It also teaches them to recognise different risks in different situations and how to behave in response to them.<\/p>\n<p style=\"text-align: justify;\"> We recognise that abuse and neglect can lead to failure. We strive to ensure that all students make good educational progress.<\/p>\n\n<p style=\"text-align: justify;\">In this sense, Humanitas centres understand that establishing a Child Protection Protocol supports and guarantees the safety of our students.<\/p>\n\n<p style=\"text-align: justify;\">The purpose of the Protocol is to ensure effective coordination among all professionals within the centre and the different institutions involved in order to foster, without detriment to the procedural, assistance and protection guarantees. All actions carried out with the minor are only those strictly necessary, to avoid repeating formalities that may affect their emotional situation.<\/p>\t\t\t\t\t\t\t\t<\/div>\n\t\t\t\t<\/div>\n\t\t\t\t<div class=\"elementor-element elementor-element-fa4b4a8 elementor-widget elementor-widget-spacer\" data-id=\"fa4b4a8\" data-element_type=\"widget\" data-e-type=\"widget\" data-widget_type=\"spacer.default\">\n\t\t\t\t<div class=\"elementor-widget-container\">\n\t\t\t\t\t\t\t<div class=\"elementor-spacer\">\n\t\t\t<div class=\"elementor-spacer-inner\"><\/div>\n\t\t<\/div>\n\t\t\t\t\t\t<\/div>\n\t\t\t\t<\/div>\n\t\t\t\t\t<\/div>\n\t\t<\/div>\n\t\t\t\t<div class=\"elementor-column elementor-col-50 elementor-top-column elementor-element elementor-element-217af5bb\" data-id=\"217af5bb\" data-element_type=\"column\" data-e-type=\"column\">\n\t\t\t<div class=\"elementor-widget-wrap elementor-element-populated\">\n\t\t\t\t\t\t<div class=\"elementor-element elementor-element-3c050fa elementor-widget elementor-widget-spacer\" data-id=\"3c050fa\" data-element_type=\"widget\" data-e-type=\"widget\" data-widget_type=\"spacer.default\">\n\t\t\t\t<div class=\"elementor-widget-container\">\n\t\t\t\t\t\t\t<div class=\"elementor-spacer\">\n\t\t\t<div class=\"elementor-spacer-inner\"><\/div>\n\t\t<\/div>\n\t\t\t\t\t\t<\/div>\n\t\t\t\t<\/div>\n\t\t\t\t<div class=\"elementor-element elementor-element-d75e7e7 elementor-widget elementor-widget-image\" data-id=\"d75e7e7\" data-element_type=\"widget\" data-e-type=\"widget\" data-widget_type=\"image.default\">\n\t\t\t\t<div class=\"elementor-widget-container\">\n\t\t\t\t\t\t\t\t\t\t\t\t\t\t\t<img fetchpriority=\"high\" decoding=\"async\" width=\"830\" height=\"770\" src=\"https:\/\/www.humanitastorrejon.com\/wp-content\/uploads\/2022\/10\/HBSTJ_Proteccion-al-Menor-Interior.webp\" class=\"attachment-large size-large wp-image-6324\" alt=\"\" srcset=\"https:\/\/www.humanitastorrejon.com\/wp-content\/uploads\/2022\/10\/HBSTJ_Proteccion-al-Menor-Interior.webp 830w, https:\/\/www.humanitastorrejon.com\/wp-content\/uploads\/2022\/10\/HBSTJ_Proteccion-al-Menor-Interior-300x278.webp 300w, https:\/\/www.humanitastorrejon.com\/wp-content\/uploads\/2022\/10\/HBSTJ_Proteccion-al-Menor-Interior-768x712.webp 768w\" sizes=\"(max-width: 830px) 100vw, 830px\" \/>\t\t\t\t\t\t\t\t\t\t\t\t\t\t\t<\/div>\n\t\t\t\t<\/div>\n\t\t\t\t<div class=\"elementor-element elementor-element-eef32d8 elementor-widget elementor-widget-spacer\" data-id=\"eef32d8\" data-element_type=\"widget\" data-e-type=\"widget\" data-widget_type=\"spacer.default\">\n\t\t\t\t<div class=\"elementor-widget-container\">\n\t\t\t\t\t\t\t<div class=\"elementor-spacer\">\n\t\t\t<div class=\"elementor-spacer-inner\"><\/div>\n\t\t<\/div>\n\t\t\t\t\t\t<\/div>\n\t\t\t\t<\/div>\n\t\t\t\t\t<\/div>\n\t\t<\/div>\n\t\t\t\t\t<\/div>\n\t\t<\/section>\n\t\t\t\t<section data-particle_enable=\"false\" data-particle-mobile-disabled=\"false\" class=\"elementor-section elementor-top-section elementor-element elementor-element-c92439f elementor-section-content-middle elementor-section-height-min-height elementor-section-boxed elementor-section-height-default elementor-section-items-middle\" data-id=\"c92439f\" data-element_type=\"section\" data-e-type=\"section\" data-settings=\"{&quot;background_background&quot;:&quot;slideshow&quot;,&quot;background_slideshow_gallery&quot;:[{&quot;id&quot;:5212,&quot;url&quot;:&quot;https:\\\/\\\/www.humanitastorrejon.com\\\/wp-content\\\/uploads\\\/2022\\\/06\\\/HumanitasTorrejon-56_VenConocernos1_v2-scaled.jpg&quot;}],&quot;background_slideshow_loop&quot;:&quot;yes&quot;,&quot;background_slideshow_slide_duration&quot;:5000,&quot;background_slideshow_slide_transition&quot;:&quot;fade&quot;,&quot;background_slideshow_transition_duration&quot;:500}\">\n\t\t\t\t\t\t\t<div class=\"elementor-background-overlay\"><\/div>\n\t\t\t\t\t\t\t<div class=\"elementor-container elementor-column-gap-default\">\n\t\t\t\t\t<div class=\"elementor-column elementor-col-100 elementor-top-column elementor-element elementor-element-45b3600b\" data-id=\"45b3600b\" data-element_type=\"column\" data-e-type=\"column\">\n\t\t\t<div class=\"elementor-widget-wrap elementor-element-populated\">\n\t\t\t\t\t\t<div class=\"elementor-element elementor-element-61dec06e elementor-widget elementor-widget-heading\" data-id=\"61dec06e\" data-element_type=\"widget\" data-e-type=\"widget\" data-widget_type=\"heading.default\">\n\t\t\t\t<div class=\"elementor-widget-container\">\n\t\t\t\t\t<h4 class=\"elementor-heading-title elementor-size-default\">Come and meet us<\/h4>\t\t\t\t<\/div>\n\t\t\t\t<\/div>\n\t\t\t\t<div class=\"elementor-element elementor-element-63769f66 elementor-widget elementor-widget-text-editor\" data-id=\"63769f66\" data-element_type=\"widget\" data-e-type=\"widget\" data-widget_type=\"text-editor.default\">\n\t\t\t\t<div class=\"elementor-widget-container\">\n\t\t\t\t\t\t\t\t\t<p><span style=\"font-family: 'Open Sans',sans-serif; letter-spacing: .75pt;\">Discover our educational project from the hand of our teaching staff.<\/span><\/p>\n\t\t\t\t\t\t\t\t<\/div>\n\t\t\t\t<\/div>\n\t\t\t\t<div class=\"elementor-element elementor-element-5f5c9677 elementor-align-center elementor-widget elementor-widget-button\" data-id=\"5f5c9677\" data-element_type=\"widget\" data-e-type=\"widget\" data-settings=\"{&quot;_animation&quot;:&quot;none&quot;}\" data-widget_type=\"button.default\">\n\t\t\t\t<div class=\"elementor-widget-container\">\n\t\t\t\t\t\t\t\t\t<div class=\"elementor-button-wrapper\">\n\t\t\t\t\t<a class=\"elementor-button elementor-button-link elementor-size-md elementor-animation-grow\" href=\"https:\/\/www.humanitastorrejon.com\/en\/about-us\/\">\n\t\t\t\t\t\t<span class=\"elementor-button-content-wrapper\">\n\t\t\t\t\t\t<span class=\"elementor-button-icon\">\n\t\t\t\t<i aria-hidden=\"true\" class=\"fas fa-angle-right\"><\/i>\t\t\t<\/span>\n\t\t\t\t\t\t\t\t\t<span class=\"elementor-button-text\">Arrange Interview<\/span>\n\t\t\t\t\t<\/span>\n\t\t\t\t\t<\/a>\n\t\t\t\t<\/div>\n\t\t\t\t\t\t\t\t<\/div>\n\t\t\t\t<\/div>\n\t\t\t\t\t<\/div>\n\t\t<\/div>\n\t\t\t\t\t<\/div>\n\t\t<\/section>\n\t\t\t\t<\/div>\n\t\t","protected":false},"excerpt":{"rendered":"<p>Psycho-pedagogical orientation Child Protection Protocol The health, safety and welfare of all our students are of paramount importance to all professionals working at H.B.S. Our students are entitled to protection regardless of age, gender, ethnicity, culture or disability. They have the right to be safe at school. As part of the H.B.S. Educational Project, teaching&hellip;<\/p>\n","protected":false},"author":2,"featured_media":0,"parent":7590,"menu_order":0,"comment_status":"closed","ping_status":"closed","template":"elementor_header_footer","meta":{"_eb_attr":"","footnotes":""},"class_list":["post-7600","page","type-page","status-publish","hentry"],"yoast_head":"<!-- This site is optimized with the Yoast SEO plugin v27.4 - https:\/\/yoast.com\/product\/yoast-seo-wordpress\/ -->\n<title>Child Protection Protocol -<\/title>\n<meta name=\"description\" content=\"Child Protection - The health, safety, and well-being of all of our students are of the utmost importance to the entire community.\" \/>\n<meta name=\"robots\" content=\"index, follow, max-snippet:-1, max-image-preview:large, max-video-preview:-1\" \/>\n<link rel=\"canonical\" href=\"https:\/\/www.humanitastorrejon.com\/en\/complementary-services\/psycho-pedagogical-orientation\/child-protection-protocol\/\" \/>\n<meta property=\"og:locale\" content=\"en_US\" \/>\n<meta property=\"og:type\" content=\"article\" \/>\n<meta property=\"og:title\" content=\"Child Protection Protocol -\" \/>\n<meta property=\"og:description\" content=\"Child Protection - The health, safety, and well-being of all of our students are of the utmost importance to the entire community.\" \/>\n<meta property=\"og:url\" content=\"https:\/\/www.humanitastorrejon.com\/en\/complementary-services\/psycho-pedagogical-orientation\/child-protection-protocol\/\" \/>\n<meta property=\"og:site_name\" content=\"Humanitas Bilingual School Torrej\u00f3n\" \/>\n<meta property=\"article:modified_time\" content=\"2024-01-15T14:12:16+00:00\" \/>\n<meta property=\"og:image\" content=\"https:\/\/www.humanitastorrejon.com\/wp-content\/uploads\/2022\/10\/HBSTJ_Proteccion-al-Menor-Interior.webp\" \/>\n<meta name=\"twitter:card\" content=\"summary_large_image\" \/>\n<meta name=\"twitter:label1\" content=\"Est. reading time\" \/>\n\t<meta name=\"twitter:data1\" content=\"1 minute\" \/>\n<script type=\"application\/ld+json\" class=\"yoast-schema-graph\">{\"@context\":\"https:\\\/\\\/schema.org\",\"@graph\":[{\"@type\":\"WebPage\",\"@id\":\"https:\\\/\\\/www.humanitastorrejon.com\\\/en\\\/complementary-services\\\/psycho-pedagogical-orientation\\\/child-protection-protocol\\\/\",\"url\":\"https:\\\/\\\/www.humanitastorrejon.com\\\/en\\\/complementary-services\\\/psycho-pedagogical-orientation\\\/child-protection-protocol\\\/\",\"name\":\"Child Protection Protocol -\",\"isPartOf\":{\"@id\":\"https:\\\/\\\/www.humanitastorrejon.com\\\/#website\"},\"primaryImageOfPage\":{\"@id\":\"https:\\\/\\\/www.humanitastorrejon.com\\\/en\\\/complementary-services\\\/psycho-pedagogical-orientation\\\/child-protection-protocol\\\/#primaryimage\"},\"image\":{\"@id\":\"https:\\\/\\\/www.humanitastorrejon.com\\\/en\\\/complementary-services\\\/psycho-pedagogical-orientation\\\/child-protection-protocol\\\/#primaryimage\"},\"thumbnailUrl\":\"https:\\\/\\\/www.humanitastorrejon.com\\\/wp-content\\\/uploads\\\/2022\\\/10\\\/HBSTJ_Proteccion-al-Menor-Interior.webp\",\"datePublished\":\"2023-02-21T09:39:45+00:00\",\"dateModified\":\"2024-01-15T14:12:16+00:00\",\"description\":\"Child Protection - The health, safety, and well-being of all of our students are of the utmost importance to the entire community.\",\"breadcrumb\":{\"@id\":\"https:\\\/\\\/www.humanitastorrejon.com\\\/en\\\/complementary-services\\\/psycho-pedagogical-orientation\\\/child-protection-protocol\\\/#breadcrumb\"},\"inLanguage\":\"en-US\",\"potentialAction\":[{\"@type\":\"ReadAction\",\"target\":[\"https:\\\/\\\/www.humanitastorrejon.com\\\/en\\\/complementary-services\\\/psycho-pedagogical-orientation\\\/child-protection-protocol\\\/\"]}]},{\"@type\":\"ImageObject\",\"inLanguage\":\"en-US\",\"@id\":\"https:\\\/\\\/www.humanitastorrejon.com\\\/en\\\/complementary-services\\\/psycho-pedagogical-orientation\\\/child-protection-protocol\\\/#primaryimage\",\"url\":\"https:\\\/\\\/www.humanitastorrejon.com\\\/wp-content\\\/uploads\\\/2022\\\/10\\\/HBSTJ_Proteccion-al-Menor-Interior.webp\",\"contentUrl\":\"https:\\\/\\\/www.humanitastorrejon.com\\\/wp-content\\\/uploads\\\/2022\\\/10\\\/HBSTJ_Proteccion-al-Menor-Interior.webp\"},{\"@type\":\"BreadcrumbList\",\"@id\":\"https:\\\/\\\/www.humanitastorrejon.com\\\/en\\\/complementary-services\\\/psycho-pedagogical-orientation\\\/child-protection-protocol\\\/#breadcrumb\",\"itemListElement\":[{\"@type\":\"ListItem\",\"position\":1,\"name\":\"Complementary Services\",\"item\":\"https:\\\/\\\/www.humanitastorrejon.com\\\/en\\\/complementary-services\\\/\"},{\"@type\":\"ListItem\",\"position\":2,\"name\":\"Psycho-pedagogical orientation\",\"item\":\"https:\\\/\\\/www.humanitastorrejon.com\\\/en\\\/complementary-services\\\/psycho-pedagogical-orientation\\\/\"},{\"@type\":\"ListItem\",\"position\":3,\"name\":\"Child Protection Protocol\"}]},{\"@type\":\"WebSite\",\"@id\":\"https:\\\/\\\/www.humanitastorrejon.com\\\/#website\",\"url\":\"https:\\\/\\\/www.humanitastorrejon.com\\\/\",\"name\":\"Humanitas Bilingual School Torrej\u00f3n\",\"description\":\"Colegio concertado biling\u00fce en Torrej\u00f3n de Ardoz de 2 a 18 a\u00f1os\",\"potentialAction\":[{\"@type\":\"SearchAction\",\"target\":{\"@type\":\"EntryPoint\",\"urlTemplate\":\"https:\\\/\\\/www.humanitastorrejon.com\\\/?s={search_term_string}\"},\"query-input\":{\"@type\":\"PropertyValueSpecification\",\"valueRequired\":true,\"valueName\":\"search_term_string\"}}],\"inLanguage\":\"en-US\"}]}<\/script>\n<!-- \/ Yoast SEO plugin. -->","yoast_head_json":{"title":"Child Protection Protocol -","description":"Child Protection - The health, safety, and well-being of all of our students are of the utmost importance to the entire community.","robots":{"index":"index","follow":"follow","max-snippet":"max-snippet:-1","max-image-preview":"max-image-preview:large","max-video-preview":"max-video-preview:-1"},"canonical":"https:\/\/www.humanitastorrejon.com\/en\/complementary-services\/psycho-pedagogical-orientation\/child-protection-protocol\/","og_locale":"en_US","og_type":"article","og_title":"Child Protection Protocol -","og_description":"Child Protection - The health, safety, and well-being of all of our students are of the utmost importance to the entire community.","og_url":"https:\/\/www.humanitastorrejon.com\/en\/complementary-services\/psycho-pedagogical-orientation\/child-protection-protocol\/","og_site_name":"Humanitas Bilingual School Torrej\u00f3n","article_modified_time":"2024-01-15T14:12:16+00:00","og_image":[{"url":"https:\/\/www.humanitastorrejon.com\/wp-content\/uploads\/2022\/10\/HBSTJ_Proteccion-al-Menor-Interior.webp","type":"","width":"","height":""}],"twitter_card":"summary_large_image","twitter_misc":{"Est. reading time":"1 minute"},"schema":{"@context":"https:\/\/schema.org","@graph":[{"@type":"WebPage","@id":"https:\/\/www.humanitastorrejon.com\/en\/complementary-services\/psycho-pedagogical-orientation\/child-protection-protocol\/","url":"https:\/\/www.humanitastorrejon.com\/en\/complementary-services\/psycho-pedagogical-orientation\/child-protection-protocol\/","name":"Child Protection Protocol -","isPartOf":{"@id":"https:\/\/www.humanitastorrejon.com\/#website"},"primaryImageOfPage":{"@id":"https:\/\/www.humanitastorrejon.com\/en\/complementary-services\/psycho-pedagogical-orientation\/child-protection-protocol\/#primaryimage"},"image":{"@id":"https:\/\/www.humanitastorrejon.com\/en\/complementary-services\/psycho-pedagogical-orientation\/child-protection-protocol\/#primaryimage"},"thumbnailUrl":"https:\/\/www.humanitastorrejon.com\/wp-content\/uploads\/2022\/10\/HBSTJ_Proteccion-al-Menor-Interior.webp","datePublished":"2023-02-21T09:39:45+00:00","dateModified":"2024-01-15T14:12:16+00:00","description":"Child Protection - The health, safety, and well-being of all of our students are of the utmost importance to the entire community.","breadcrumb":{"@id":"https:\/\/www.humanitastorrejon.com\/en\/complementary-services\/psycho-pedagogical-orientation\/child-protection-protocol\/#breadcrumb"},"inLanguage":"en-US","potentialAction":[{"@type":"ReadAction","target":["https:\/\/www.humanitastorrejon.com\/en\/complementary-services\/psycho-pedagogical-orientation\/child-protection-protocol\/"]}]},{"@type":"ImageObject","inLanguage":"en-US","@id":"https:\/\/www.humanitastorrejon.com\/en\/complementary-services\/psycho-pedagogical-orientation\/child-protection-protocol\/#primaryimage","url":"https:\/\/www.humanitastorrejon.com\/wp-content\/uploads\/2022\/10\/HBSTJ_Proteccion-al-Menor-Interior.webp","contentUrl":"https:\/\/www.humanitastorrejon.com\/wp-content\/uploads\/2022\/10\/HBSTJ_Proteccion-al-Menor-Interior.webp"},{"@type":"BreadcrumbList","@id":"https:\/\/www.humanitastorrejon.com\/en\/complementary-services\/psycho-pedagogical-orientation\/child-protection-protocol\/#breadcrumb","itemListElement":[{"@type":"ListItem","position":1,"name":"Complementary Services","item":"https:\/\/www.humanitastorrejon.com\/en\/complementary-services\/"},{"@type":"ListItem","position":2,"name":"Psycho-pedagogical orientation","item":"https:\/\/www.humanitastorrejon.com\/en\/complementary-services\/psycho-pedagogical-orientation\/"},{"@type":"ListItem","position":3,"name":"Child Protection Protocol"}]},{"@type":"WebSite","@id":"https:\/\/www.humanitastorrejon.com\/#website","url":"https:\/\/www.humanitastorrejon.com\/","name":"Humanitas Bilingual School Torrej\u00f3n","description":"Colegio concertado biling\u00fce en Torrej\u00f3n de Ardoz de 2 a 18 a\u00f1os","potentialAction":[{"@type":"SearchAction","target":{"@type":"EntryPoint","urlTemplate":"https:\/\/www.humanitastorrejon.com\/?s={search_term_string}"},"query-input":{"@type":"PropertyValueSpecification","valueRequired":true,"valueName":"search_term_string"}}],"inLanguage":"en-US"}]}},"_links":{"self":[{"href":"https:\/\/www.humanitastorrejon.com\/en\/wp-json\/wp\/v2\/pages\/7600","targetHints":{"allow":["GET"]}}],"collection":[{"href":"https:\/\/www.humanitastorrejon.com\/en\/wp-json\/wp\/v2\/pages"}],"about":[{"href":"https:\/\/www.humanitastorrejon.com\/en\/wp-json\/wp\/v2\/types\/page"}],"author":[{"embeddable":true,"href":"https:\/\/www.humanitastorrejon.com\/en\/wp-json\/wp\/v2\/users\/2"}],"replies":[{"embeddable":true,"href":"https:\/\/www.humanitastorrejon.com\/en\/wp-json\/wp\/v2\/comments?post=7600"}],"version-history":[{"count":2,"href":"https:\/\/www.humanitastorrejon.com\/en\/wp-json\/wp\/v2\/pages\/7600\/revisions"}],"predecessor-version":[{"id":9211,"href":"https:\/\/www.humanitastorrejon.com\/en\/wp-json\/wp\/v2\/pages\/7600\/revisions\/9211"}],"up":[{"embeddable":true,"href":"https:\/\/www.humanitastorrejon.com\/en\/wp-json\/wp\/v2\/pages\/7590"}],"wp:attachment":[{"href":"https:\/\/www.humanitastorrejon.com\/en\/wp-json\/wp\/v2\/media?parent=7600"}],"curies":[{"name":"wp","href":"https:\/\/api.w.org\/{rel}","templated":true}]}}