{"id":7582,"date":"2023-02-21T08:46:09","date_gmt":"2023-02-21T08:46:09","guid":{"rendered":"https:\/\/www.humanitastorrejon.com\/kangaroo\/"},"modified":"2024-01-15T14:12:11","modified_gmt":"2024-01-15T14:12:11","slug":"kangaroo","status":"publish","type":"page","link":"https:\/\/www.humanitastorrejon.com\/en\/complementary-services\/kangaroo\/","title":{"rendered":"Kangaroo"},"content":{"rendered":"\t\t<div data-elementor-type=\"wp-page\" data-elementor-id=\"7582\" class=\"elementor elementor-7582 elementor-3546\">\n\t\t\t\t\t\t<section data-particle_enable=\"false\" data-particle-mobile-disabled=\"false\" class=\"elementor-section elementor-top-section elementor-element elementor-element-614d376b elementor-section-content-middle proyectos elementor-section-boxed elementor-section-height-default elementor-section-height-default\" data-id=\"614d376b\" data-element_type=\"section\" data-e-type=\"section\" id=\"proyectos\" data-settings=\"{&quot;background_background&quot;:&quot;classic&quot;}\">\n\t\t\t\t\t\t<div class=\"elementor-container elementor-column-gap-no\">\n\t\t\t\t\t<div class=\"elementor-column elementor-col-100 elementor-top-column elementor-element elementor-element-24ec3d17\" data-id=\"24ec3d17\" data-element_type=\"column\" data-e-type=\"column\">\n\t\t\t<div class=\"elementor-widget-wrap elementor-element-populated\">\n\t\t\t\t\t\t<div class=\"elementor-element elementor-element-2b011073 animated-slow elementor-invisible elementor-widget elementor-widget-heading\" data-id=\"2b011073\" data-element_type=\"widget\" data-e-type=\"widget\" data-settings=\"{&quot;_animation&quot;:&quot;fadeInUp&quot;,&quot;_animation_delay&quot;:100}\" data-widget_type=\"heading.default\">\n\t\t\t\t<div class=\"elementor-widget-container\">\n\t\t\t\t\t<h2 class=\"elementor-heading-title elementor-size-default\">Complementary services<\/h2>\t\t\t\t<\/div>\n\t\t\t\t<\/div>\n\t\t\t\t<div class=\"elementor-element elementor-element-46063a26 animated-slow elementor-invisible elementor-widget elementor-widget-heading\" data-id=\"46063a26\" data-element_type=\"widget\" data-e-type=\"widget\" data-settings=\"{&quot;_animation&quot;:&quot;fadeInUp&quot;,&quot;_animation_delay&quot;:100}\" data-widget_type=\"heading.default\">\n\t\t\t\t<div class=\"elementor-widget-container\">\n\t\t\t\t\t<h1 class=\"elementor-heading-title elementor-size-default\">Kangaroo and Ludoteca<\/h1>\t\t\t\t<\/div>\n\t\t\t\t<\/div>\n\t\t\t\t\t<\/div>\n\t\t<\/div>\n\t\t\t\t\t<\/div>\n\t\t<\/section>\n\t\t\t\t<section data-particle_enable=\"false\" data-particle-mobile-disabled=\"false\" class=\"elementor-section elementor-top-section elementor-element elementor-element-9d43a89 elementor-section-content-middle elementor-section-boxed elementor-section-height-default elementor-section-height-default\" data-id=\"9d43a89\" data-element_type=\"section\" data-e-type=\"section\">\n\t\t\t\t\t\t<div class=\"elementor-container elementor-column-gap-no\">\n\t\t\t\t\t<div class=\"elementor-column elementor-col-50 elementor-top-column elementor-element elementor-element-41a3187e\" data-id=\"41a3187e\" data-element_type=\"column\" data-e-type=\"column\">\n\t\t\t<div class=\"elementor-widget-wrap elementor-element-populated\">\n\t\t\t\t\t\t<div class=\"elementor-element elementor-element-78fe09a elementor-widget elementor-widget-spacer\" data-id=\"78fe09a\" data-element_type=\"widget\" data-e-type=\"widget\" data-widget_type=\"spacer.default\">\n\t\t\t\t<div class=\"elementor-widget-container\">\n\t\t\t\t\t\t\t<div class=\"elementor-spacer\">\n\t\t\t<div class=\"elementor-spacer-inner\"><\/div>\n\t\t<\/div>\n\t\t\t\t\t\t<\/div>\n\t\t\t\t<\/div>\n\t\t\t\t<div class=\"elementor-element elementor-element-630aa61 elementor-widget elementor-widget-heading\" data-id=\"630aa61\" data-element_type=\"widget\" data-e-type=\"widget\" data-widget_type=\"heading.default\">\n\t\t\t\t<div class=\"elementor-widget-container\">\n\t\t\t\t\t<h2 class=\"elementor-heading-title elementor-size-default\">Kangaroo<\/h2>\t\t\t\t<\/div>\n\t\t\t\t<\/div>\n\t\t\t\t<section data-particle_enable=\"false\" data-particle-mobile-disabled=\"false\" class=\"elementor-section elementor-inner-section elementor-element elementor-element-1e3f20b4 elementor-section-full_width elementor-section-content-middle elementor-section-height-default elementor-section-height-default\" data-id=\"1e3f20b4\" data-element_type=\"section\" data-e-type=\"section\">\n\t\t\t\t\t\t<div class=\"elementor-container elementor-column-gap-no\">\n\t\t\t\t\t<div class=\"elementor-column elementor-col-100 elementor-inner-column elementor-element elementor-element-3d6dd8d\" data-id=\"3d6dd8d\" data-element_type=\"column\" data-e-type=\"column\">\n\t\t\t<div class=\"elementor-widget-wrap elementor-element-populated\">\n\t\t\t\t\t\t<div class=\"elementor-element elementor-element-560efaf9 elementor-widget elementor-widget-text-editor\" data-id=\"560efaf9\" data-element_type=\"widget\" data-e-type=\"widget\" data-widget_type=\"text-editor.default\">\n\t\t\t\t<div class=\"elementor-widget-container\">\n\t\t\t\t\t\t\t\t\t<p>The College offers this morning reception service from 7:30 a.m. to 5:30 p.m. until 9:00 a.m., the time that school hours begin.<\/p>\n<p>This service is attended by the school&#8217;s own teachers.<\/p>\n<p>For students with entrance at 7:30 a.m., 7:45 a.m. and 8:00 a.m., breakfast is included, prepared in the school kitchens.<\/p>\n<p><strong>Time zones:<\/strong><\/p>\n<ul class=\"uavc-list\">\n<li>\n<div id=\"list-icon-wrap-3974\" class=\"uavc-list-content\">\n<div class=\"uavc-list-icon \" data-animation=\"\" data-animation-delay=\"03\">\n<div class=\"ult-just-icon-wrapper \">\n<div class=\"align-icon\">\n<div class=\"aio-icon none \">7:30\/9:00 a.m. with breakfast.<\/div>\n<\/div>\n<\/div>\n<\/div>\n<\/div>\n<\/li>\n<li>\n<div id=\"list-icon-wrap-5684\" class=\"uavc-list-content\">\n<div class=\"uavc-list-icon \" data-animation=\"\" data-animation-delay=\"03\">\n<div class=\"ult-just-icon-wrapper \">\n<div class=\"align-icon\">\n<div class=\"aio-icon none \">7:45\/9:00 a.m. with breakfast.<\/div>\n<\/div>\n<\/div>\n<\/div>\n<\/div>\n<\/li>\n<li>\n<div id=\"list-icon-wrap-7581\" class=\"uavc-list-content\">\n<div class=\"uavc-list-icon \" data-animation=\"\" data-animation-delay=\"03\">\n<div class=\"ult-just-icon-wrapper \">\n<div class=\"align-icon\">\n<div class=\"aio-icon none \">8:00\/9:00 a.m. with breakfast.<\/div>\n<\/div>\n<\/div>\n<\/div>\n<\/div>\n<\/li>\n<li>\n<div id=\"list-icon-wrap-6442\" class=\"uavc-list-content\">\n<div class=\"uavc-list-icon \" data-animation=\"\" data-animation-delay=\"03\">\n<div class=\"ult-just-icon-wrapper \">\n<div class=\"align-icon\">\n<div class=\"aio-icon none \">8:30\/9:00 a.m. without breakfast.<\/div>\n<\/div>\n<\/div>\n<\/div>\n<\/div>\n<\/li>\n<\/ul>\n\t\t\t\t\t\t\t\t<\/div>\n\t\t\t\t<\/div>\n\t\t\t\t<div class=\"elementor-element elementor-element-916ee3f elementor-widget elementor-widget-spacer\" data-id=\"916ee3f\" data-element_type=\"widget\" data-e-type=\"widget\" data-widget_type=\"spacer.default\">\n\t\t\t\t<div class=\"elementor-widget-container\">\n\t\t\t\t\t\t\t<div class=\"elementor-spacer\">\n\t\t\t<div class=\"elementor-spacer-inner\"><\/div>\n\t\t<\/div>\n\t\t\t\t\t\t<\/div>\n\t\t\t\t<\/div>\n\t\t\t\t<div class=\"elementor-element elementor-element-5a4f68d elementor-widget elementor-widget-heading\" data-id=\"5a4f68d\" data-element_type=\"widget\" data-e-type=\"widget\" data-widget_type=\"heading.default\">\n\t\t\t\t<div class=\"elementor-widget-container\">\n\t\t\t\t\t<h2 class=\"elementor-heading-title elementor-size-default\">Ludoteca<\/h2>\t\t\t\t<\/div>\n\t\t\t\t<\/div>\n\t\t\t\t<div class=\"elementor-element elementor-element-d64aad1 elementor-widget elementor-widget-text-editor\" data-id=\"d64aad1\" data-element_type=\"widget\" data-e-type=\"widget\" data-widget_type=\"text-editor.default\">\n\t\t\t\t<div class=\"elementor-widget-container\">\n\t\t\t\t\t\t\t\t\t<p>The school offers this reception service after school hours, from 5:00 p.m. to 7:00 p.m.<\/p>\n<p>This service is attended by the school&#8217;s own teachers.<\/p>\n<p>Snack at 5:30 p.m. is included.<\/p>\n\t\t\t\t\t\t\t\t<\/div>\n\t\t\t\t<\/div>\n\t\t\t\t<div class=\"elementor-element elementor-element-80e6f45 elementor-widget elementor-widget-spacer\" data-id=\"80e6f45\" data-element_type=\"widget\" data-e-type=\"widget\" data-widget_type=\"spacer.default\">\n\t\t\t\t<div class=\"elementor-widget-container\">\n\t\t\t\t\t\t\t<div class=\"elementor-spacer\">\n\t\t\t<div class=\"elementor-spacer-inner\"><\/div>\n\t\t<\/div>\n\t\t\t\t\t\t<\/div>\n\t\t\t\t<\/div>\n\t\t\t\t\t<\/div>\n\t\t<\/div>\n\t\t\t\t\t<\/div>\n\t\t<\/section>\n\t\t\t\t\t<\/div>\n\t\t<\/div>\n\t\t\t\t<div class=\"elementor-column elementor-col-50 elementor-top-column elementor-element elementor-element-48fe448\" data-id=\"48fe448\" data-element_type=\"column\" data-e-type=\"column\">\n\t\t\t<div class=\"elementor-widget-wrap elementor-element-populated\">\n\t\t\t\t\t\t<div class=\"elementor-element elementor-element-c678046 elementor-widget elementor-widget-spacer\" data-id=\"c678046\" data-element_type=\"widget\" data-e-type=\"widget\" data-widget_type=\"spacer.default\">\n\t\t\t\t<div class=\"elementor-widget-container\">\n\t\t\t\t\t\t\t<div class=\"elementor-spacer\">\n\t\t\t<div class=\"elementor-spacer-inner\"><\/div>\n\t\t<\/div>\n\t\t\t\t\t\t<\/div>\n\t\t\t\t<\/div>\n\t\t\t\t<div class=\"elementor-element elementor-element-dc84222 elementor-widget elementor-widget-image\" data-id=\"dc84222\" data-element_type=\"widget\" data-e-type=\"widget\" data-widget_type=\"image.default\">\n\t\t\t\t<div class=\"elementor-widget-container\">\n\t\t\t\t\t\t\t\t\t\t\t\t\t\t\t<img fetchpriority=\"high\" decoding=\"async\" width=\"830\" height=\"770\" src=\"https:\/\/www.humanitastorrejon.com\/wp-content\/uploads\/2022\/10\/HBSTJ_Kangaroo-2.webp\" class=\"attachment-large size-large wp-image-6249\" alt=\"Kangaroo\" srcset=\"https:\/\/www.humanitastorrejon.com\/wp-content\/uploads\/2022\/10\/HBSTJ_Kangaroo-2.webp 830w, https:\/\/www.humanitastorrejon.com\/wp-content\/uploads\/2022\/10\/HBSTJ_Kangaroo-2-300x278.webp 300w, https:\/\/www.humanitastorrejon.com\/wp-content\/uploads\/2022\/10\/HBSTJ_Kangaroo-2-768x712.webp 768w\" sizes=\"(max-width: 830px) 100vw, 830px\" \/>\t\t\t\t\t\t\t\t\t\t\t\t\t\t\t<\/div>\n\t\t\t\t<\/div>\n\t\t\t\t<section data-particle_enable=\"false\" data-particle-mobile-disabled=\"false\" class=\"elementor-section elementor-inner-section elementor-element elementor-element-8ff2280 elementor-section-full_width elementor-section-content-middle elementor-section-height-default elementor-section-height-default\" data-id=\"8ff2280\" data-element_type=\"section\" data-e-type=\"section\">\n\t\t\t\t\t\t<div class=\"elementor-container elementor-column-gap-no\">\n\t\t\t\t\t<div class=\"elementor-column elementor-col-100 elementor-inner-column elementor-element elementor-element-5d0dbe2\" data-id=\"5d0dbe2\" data-element_type=\"column\" data-e-type=\"column\">\n\t\t\t<div class=\"elementor-widget-wrap elementor-element-populated\">\n\t\t\t\t\t\t<div class=\"elementor-element elementor-element-30971e1 elementor-widget elementor-widget-spacer\" data-id=\"30971e1\" data-element_type=\"widget\" data-e-type=\"widget\" data-widget_type=\"spacer.default\">\n\t\t\t\t<div class=\"elementor-widget-container\">\n\t\t\t\t\t\t\t<div class=\"elementor-spacer\">\n\t\t\t<div class=\"elementor-spacer-inner\"><\/div>\n\t\t<\/div>\n\t\t\t\t\t\t<\/div>\n\t\t\t\t<\/div>\n\t\t\t\t\t<\/div>\n\t\t<\/div>\n\t\t\t\t\t<\/div>\n\t\t<\/section>\n\t\t\t\t\t<\/div>\n\t\t<\/div>\n\t\t\t\t\t<\/div>\n\t\t<\/section>\n\t\t\t\t<section data-particle_enable=\"false\" data-particle-mobile-disabled=\"false\" class=\"elementor-section elementor-top-section elementor-element elementor-element-335f0e6a elementor-section-content-middle elementor-section-height-min-height elementor-section-boxed elementor-section-height-default elementor-section-items-middle\" data-id=\"335f0e6a\" data-element_type=\"section\" data-e-type=\"section\" data-settings=\"{&quot;background_background&quot;:&quot;slideshow&quot;,&quot;background_slideshow_gallery&quot;:[{&quot;id&quot;:5212,&quot;url&quot;:&quot;https:\\\/\\\/www.humanitastorrejon.com\\\/wp-content\\\/uploads\\\/2022\\\/06\\\/HumanitasTorrejon-56_VenConocernos1_v2-scaled.jpg&quot;}],&quot;background_slideshow_loop&quot;:&quot;yes&quot;,&quot;background_slideshow_slide_duration&quot;:5000,&quot;background_slideshow_slide_transition&quot;:&quot;fade&quot;,&quot;background_slideshow_transition_duration&quot;:500}\">\n\t\t\t\t\t\t\t<div class=\"elementor-background-overlay\"><\/div>\n\t\t\t\t\t\t\t<div class=\"elementor-container elementor-column-gap-default\">\n\t\t\t\t\t<div class=\"elementor-column elementor-col-100 elementor-top-column elementor-element elementor-element-bfae7e7\" data-id=\"bfae7e7\" data-element_type=\"column\" data-e-type=\"column\">\n\t\t\t<div class=\"elementor-widget-wrap elementor-element-populated\">\n\t\t\t\t\t\t<div class=\"elementor-element elementor-element-b8d00b2 elementor-widget elementor-widget-heading\" data-id=\"b8d00b2\" data-element_type=\"widget\" data-e-type=\"widget\" data-widget_type=\"heading.default\">\n\t\t\t\t<div class=\"elementor-widget-container\">\n\t\t\t\t\t<h4 class=\"elementor-heading-title elementor-size-default\">Come and meet us<\/h4>\t\t\t\t<\/div>\n\t\t\t\t<\/div>\n\t\t\t\t<div class=\"elementor-element elementor-element-79220fe elementor-widget elementor-widget-text-editor\" data-id=\"79220fe\" data-element_type=\"widget\" data-e-type=\"widget\" data-widget_type=\"text-editor.default\">\n\t\t\t\t<div class=\"elementor-widget-container\">\n\t\t\t\t\t\t\t\t\t<p><span style=\"font-family: 'Open Sans',sans-serif; letter-spacing: .75pt;\">Discover our educational project from the hand of our teaching staff.<\/span><\/p>\n\t\t\t\t\t\t\t\t<\/div>\n\t\t\t\t<\/div>\n\t\t\t\t<div class=\"elementor-element elementor-element-4f92b78f elementor-align-center elementor-widget elementor-widget-button\" data-id=\"4f92b78f\" data-element_type=\"widget\" data-e-type=\"widget\" data-settings=\"{&quot;_animation&quot;:&quot;none&quot;}\" data-widget_type=\"button.default\">\n\t\t\t\t<div class=\"elementor-widget-container\">\n\t\t\t\t\t\t\t\t\t<div class=\"elementor-button-wrapper\">\n\t\t\t\t\t<a class=\"elementor-button elementor-button-link elementor-size-md elementor-animation-grow\" href=\"https:\/\/www.humanitastorrejon.com\/en\/about-us\/\">\n\t\t\t\t\t\t<span class=\"elementor-button-content-wrapper\">\n\t\t\t\t\t\t<span class=\"elementor-button-icon\">\n\t\t\t\t<i aria-hidden=\"true\" class=\"fas fa-angle-right\"><\/i>\t\t\t<\/span>\n\t\t\t\t\t\t\t\t\t<span class=\"elementor-button-text\">Arrange Interview<\/span>\n\t\t\t\t\t<\/span>\n\t\t\t\t\t<\/a>\n\t\t\t\t<\/div>\n\t\t\t\t\t\t\t\t<\/div>\n\t\t\t\t<\/div>\n\t\t\t\t\t<\/div>\n\t\t<\/div>\n\t\t\t\t\t<\/div>\n\t\t<\/section>\n\t\t\t\t<\/div>\n\t\t","protected":false},"excerpt":{"rendered":"<p>Complementary services Kangaroo and Ludoteca Kangaroo The College offers this morning reception service from 7:30 a.m. to 5:30 p.m. until 9:00 a.m., the time that school hours begin. This service is attended by the school&#8217;s own teachers. For students with entrance at 7:30 a.m., 7:45 a.m. and 8:00 a.m., breakfast is included, prepared in the&hellip;<\/p>\n","protected":false},"author":2,"featured_media":0,"parent":7586,"menu_order":2,"comment_status":"closed","ping_status":"closed","template":"elementor_header_footer","meta":{"_eb_attr":"","footnotes":""},"class_list":["post-7582","page","type-page","status-publish","hentry"],"yoast_head":"<!-- This site is optimized with the Yoast SEO plugin v27.4 - https:\/\/yoast.com\/product\/yoast-seo-wordpress\/ -->\n<title>Kangaroo - Humanitas Bilingual School Torrej\u00f3n<\/title>\n<meta name=\"description\" content=\"The College offers the morning reception Kangaroo service from 7:30 a.m. to 5:30 p.m. until the start of school hours.\" \/>\n<meta name=\"robots\" content=\"index, follow, max-snippet:-1, max-image-preview:large, max-video-preview:-1\" \/>\n<link rel=\"canonical\" href=\"https:\/\/www.humanitastorrejon.com\/en\/complementary-services\/kangaroo\/\" \/>\n<meta property=\"og:locale\" content=\"en_US\" \/>\n<meta property=\"og:type\" content=\"article\" \/>\n<meta property=\"og:title\" content=\"Kangaroo - Humanitas Bilingual School Torrej\u00f3n\" \/>\n<meta property=\"og:description\" content=\"The College offers the morning reception Kangaroo service from 7:30 a.m. to 5:30 p.m. until the start of school hours.\" \/>\n<meta property=\"og:url\" content=\"https:\/\/www.humanitastorrejon.com\/en\/complementary-services\/kangaroo\/\" \/>\n<meta property=\"og:site_name\" content=\"Humanitas Bilingual School Torrej\u00f3n\" \/>\n<meta property=\"article:modified_time\" content=\"2024-01-15T14:12:11+00:00\" \/>\n<meta property=\"og:image\" content=\"https:\/\/www.humanitastorrejon.com\/wp-content\/uploads\/2022\/10\/HBSTJ_Kangaroo-2.webp\" \/>\n<meta name=\"twitter:card\" content=\"summary_large_image\" \/>\n<meta name=\"twitter:label1\" content=\"Est. reading time\" \/>\n\t<meta name=\"twitter:data1\" content=\"1 minute\" \/>\n<script type=\"application\/ld+json\" class=\"yoast-schema-graph\">{\"@context\":\"https:\\\/\\\/schema.org\",\"@graph\":[{\"@type\":\"WebPage\",\"@id\":\"https:\\\/\\\/www.humanitastorrejon.com\\\/en\\\/complementary-services\\\/kangaroo\\\/\",\"url\":\"https:\\\/\\\/www.humanitastorrejon.com\\\/en\\\/complementary-services\\\/kangaroo\\\/\",\"name\":\"Kangaroo - Humanitas Bilingual School Torrej\u00f3n\",\"isPartOf\":{\"@id\":\"https:\\\/\\\/www.humanitastorrejon.com\\\/#website\"},\"primaryImageOfPage\":{\"@id\":\"https:\\\/\\\/www.humanitastorrejon.com\\\/en\\\/complementary-services\\\/kangaroo\\\/#primaryimage\"},\"image\":{\"@id\":\"https:\\\/\\\/www.humanitastorrejon.com\\\/en\\\/complementary-services\\\/kangaroo\\\/#primaryimage\"},\"thumbnailUrl\":\"https:\\\/\\\/www.humanitastorrejon.com\\\/wp-content\\\/uploads\\\/2022\\\/10\\\/HBSTJ_Kangaroo-2.webp\",\"datePublished\":\"2023-02-21T08:46:09+00:00\",\"dateModified\":\"2024-01-15T14:12:11+00:00\",\"description\":\"The College offers the morning reception Kangaroo service from 7:30 a.m. to 5:30 p.m. until the start of school hours.\",\"breadcrumb\":{\"@id\":\"https:\\\/\\\/www.humanitastorrejon.com\\\/en\\\/complementary-services\\\/kangaroo\\\/#breadcrumb\"},\"inLanguage\":\"en-US\",\"potentialAction\":[{\"@type\":\"ReadAction\",\"target\":[\"https:\\\/\\\/www.humanitastorrejon.com\\\/en\\\/complementary-services\\\/kangaroo\\\/\"]}]},{\"@type\":\"ImageObject\",\"inLanguage\":\"en-US\",\"@id\":\"https:\\\/\\\/www.humanitastorrejon.com\\\/en\\\/complementary-services\\\/kangaroo\\\/#primaryimage\",\"url\":\"https:\\\/\\\/www.humanitastorrejon.com\\\/wp-content\\\/uploads\\\/2022\\\/10\\\/HBSTJ_Kangaroo-2.webp\",\"contentUrl\":\"https:\\\/\\\/www.humanitastorrejon.com\\\/wp-content\\\/uploads\\\/2022\\\/10\\\/HBSTJ_Kangaroo-2.webp\"},{\"@type\":\"BreadcrumbList\",\"@id\":\"https:\\\/\\\/www.humanitastorrejon.com\\\/en\\\/complementary-services\\\/kangaroo\\\/#breadcrumb\",\"itemListElement\":[{\"@type\":\"ListItem\",\"position\":1,\"name\":\"Complementary Services\",\"item\":\"https:\\\/\\\/www.humanitastorrejon.com\\\/en\\\/complementary-services\\\/\"},{\"@type\":\"ListItem\",\"position\":2,\"name\":\"Kangaroo\"}]},{\"@type\":\"WebSite\",\"@id\":\"https:\\\/\\\/www.humanitastorrejon.com\\\/#website\",\"url\":\"https:\\\/\\\/www.humanitastorrejon.com\\\/\",\"name\":\"Humanitas Bilingual School Torrej\u00f3n\",\"description\":\"Colegio concertado biling\u00fce en Torrej\u00f3n de Ardoz de 2 a 18 a\u00f1os\",\"potentialAction\":[{\"@type\":\"SearchAction\",\"target\":{\"@type\":\"EntryPoint\",\"urlTemplate\":\"https:\\\/\\\/www.humanitastorrejon.com\\\/?s={search_term_string}\"},\"query-input\":{\"@type\":\"PropertyValueSpecification\",\"valueRequired\":true,\"valueName\":\"search_term_string\"}}],\"inLanguage\":\"en-US\"}]}<\/script>\n<!-- \/ Yoast SEO plugin. -->","yoast_head_json":{"title":"Kangaroo - Humanitas Bilingual School Torrej\u00f3n","description":"The College offers the morning reception Kangaroo service from 7:30 a.m. to 5:30 p.m. until the start of school hours.","robots":{"index":"index","follow":"follow","max-snippet":"max-snippet:-1","max-image-preview":"max-image-preview:large","max-video-preview":"max-video-preview:-1"},"canonical":"https:\/\/www.humanitastorrejon.com\/en\/complementary-services\/kangaroo\/","og_locale":"en_US","og_type":"article","og_title":"Kangaroo - Humanitas Bilingual School Torrej\u00f3n","og_description":"The College offers the morning reception Kangaroo service from 7:30 a.m. to 5:30 p.m. until the start of school hours.","og_url":"https:\/\/www.humanitastorrejon.com\/en\/complementary-services\/kangaroo\/","og_site_name":"Humanitas Bilingual School Torrej\u00f3n","article_modified_time":"2024-01-15T14:12:11+00:00","og_image":[{"url":"https:\/\/www.humanitastorrejon.com\/wp-content\/uploads\/2022\/10\/HBSTJ_Kangaroo-2.webp","type":"","width":"","height":""}],"twitter_card":"summary_large_image","twitter_misc":{"Est. reading time":"1 minute"},"schema":{"@context":"https:\/\/schema.org","@graph":[{"@type":"WebPage","@id":"https:\/\/www.humanitastorrejon.com\/en\/complementary-services\/kangaroo\/","url":"https:\/\/www.humanitastorrejon.com\/en\/complementary-services\/kangaroo\/","name":"Kangaroo - Humanitas Bilingual School Torrej\u00f3n","isPartOf":{"@id":"https:\/\/www.humanitastorrejon.com\/#website"},"primaryImageOfPage":{"@id":"https:\/\/www.humanitastorrejon.com\/en\/complementary-services\/kangaroo\/#primaryimage"},"image":{"@id":"https:\/\/www.humanitastorrejon.com\/en\/complementary-services\/kangaroo\/#primaryimage"},"thumbnailUrl":"https:\/\/www.humanitastorrejon.com\/wp-content\/uploads\/2022\/10\/HBSTJ_Kangaroo-2.webp","datePublished":"2023-02-21T08:46:09+00:00","dateModified":"2024-01-15T14:12:11+00:00","description":"The College offers the morning reception Kangaroo service from 7:30 a.m. to 5:30 p.m. until the start of school hours.","breadcrumb":{"@id":"https:\/\/www.humanitastorrejon.com\/en\/complementary-services\/kangaroo\/#breadcrumb"},"inLanguage":"en-US","potentialAction":[{"@type":"ReadAction","target":["https:\/\/www.humanitastorrejon.com\/en\/complementary-services\/kangaroo\/"]}]},{"@type":"ImageObject","inLanguage":"en-US","@id":"https:\/\/www.humanitastorrejon.com\/en\/complementary-services\/kangaroo\/#primaryimage","url":"https:\/\/www.humanitastorrejon.com\/wp-content\/uploads\/2022\/10\/HBSTJ_Kangaroo-2.webp","contentUrl":"https:\/\/www.humanitastorrejon.com\/wp-content\/uploads\/2022\/10\/HBSTJ_Kangaroo-2.webp"},{"@type":"BreadcrumbList","@id":"https:\/\/www.humanitastorrejon.com\/en\/complementary-services\/kangaroo\/#breadcrumb","itemListElement":[{"@type":"ListItem","position":1,"name":"Complementary Services","item":"https:\/\/www.humanitastorrejon.com\/en\/complementary-services\/"},{"@type":"ListItem","position":2,"name":"Kangaroo"}]},{"@type":"WebSite","@id":"https:\/\/www.humanitastorrejon.com\/#website","url":"https:\/\/www.humanitastorrejon.com\/","name":"Humanitas Bilingual School Torrej\u00f3n","description":"Colegio concertado biling\u00fce en Torrej\u00f3n de Ardoz de 2 a 18 a\u00f1os","potentialAction":[{"@type":"SearchAction","target":{"@type":"EntryPoint","urlTemplate":"https:\/\/www.humanitastorrejon.com\/?s={search_term_string}"},"query-input":{"@type":"PropertyValueSpecification","valueRequired":true,"valueName":"search_term_string"}}],"inLanguage":"en-US"}]}},"_links":{"self":[{"href":"https:\/\/www.humanitastorrejon.com\/en\/wp-json\/wp\/v2\/pages\/7582","targetHints":{"allow":["GET"]}}],"collection":[{"href":"https:\/\/www.humanitastorrejon.com\/en\/wp-json\/wp\/v2\/pages"}],"about":[{"href":"https:\/\/www.humanitastorrejon.com\/en\/wp-json\/wp\/v2\/types\/page"}],"author":[{"embeddable":true,"href":"https:\/\/www.humanitastorrejon.com\/en\/wp-json\/wp\/v2\/users\/2"}],"replies":[{"embeddable":true,"href":"https:\/\/www.humanitastorrejon.com\/en\/wp-json\/wp\/v2\/comments?post=7582"}],"version-history":[{"count":4,"href":"https:\/\/www.humanitastorrejon.com\/en\/wp-json\/wp\/v2\/pages\/7582\/revisions"}],"predecessor-version":[{"id":9205,"href":"https:\/\/www.humanitastorrejon.com\/en\/wp-json\/wp\/v2\/pages\/7582\/revisions\/9205"}],"up":[{"embeddable":true,"href":"https:\/\/www.humanitastorrejon.com\/en\/wp-json\/wp\/v2\/pages\/7586"}],"wp:attachment":[{"href":"https:\/\/www.humanitastorrejon.com\/en\/wp-json\/wp\/v2\/media?parent=7582"}],"curies":[{"name":"wp","href":"https:\/\/api.w.org\/{rel}","templated":true}]}}