{"id":7475,"date":"2023-02-20T15:36:45","date_gmt":"2023-02-20T15:36:45","guid":{"rendered":"https:\/\/www.humanitastorrejon.com\/cookie-policy\/"},"modified":"2024-01-15T14:08:04","modified_gmt":"2024-01-15T14:08:04","slug":"cookie-policy","status":"publish","type":"page","link":"https:\/\/www.humanitastorrejon.com\/en\/cookie-policy\/","title":{"rendered":"Cookie Policy"},"content":{"rendered":"\t\t<div data-elementor-type=\"wp-page\" data-elementor-id=\"7475\" class=\"elementor elementor-7475 elementor-3393\">\n\t\t\t\t\t\t<section data-particle_enable=\"false\" data-particle-mobile-disabled=\"false\" class=\"elementor-section elementor-top-section elementor-element elementor-element-6f631719 elementor-section-content-middle proyectos elementor-section-boxed elementor-section-height-default elementor-section-height-default\" data-id=\"6f631719\" data-element_type=\"section\" data-e-type=\"section\" id=\"proyectos\" data-settings=\"{&quot;background_background&quot;:&quot;classic&quot;}\">\n\t\t\t\t\t\t<div class=\"elementor-container elementor-column-gap-no\">\n\t\t\t\t\t<div class=\"elementor-column elementor-col-100 elementor-top-column elementor-element elementor-element-710dc74c\" data-id=\"710dc74c\" data-element_type=\"column\" data-e-type=\"column\">\n\t\t\t<div class=\"elementor-widget-wrap elementor-element-populated\">\n\t\t\t\t\t\t<div class=\"elementor-element elementor-element-55b861f5 animated-slow elementor-invisible elementor-widget elementor-widget-heading\" data-id=\"55b861f5\" data-element_type=\"widget\" data-e-type=\"widget\" data-settings=\"{&quot;_animation&quot;:&quot;fadeInUp&quot;,&quot;_animation_delay&quot;:100}\" data-widget_type=\"heading.default\">\n\t\t\t\t<div class=\"elementor-widget-container\">\n\t\t\t\t\t<h1 class=\"elementor-heading-title elementor-size-default\">Cookie Policy<\/h1>\t\t\t\t<\/div>\n\t\t\t\t<\/div>\n\t\t\t\t\t<\/div>\n\t\t<\/div>\n\t\t\t\t\t<\/div>\n\t\t<\/section>\n\t\t\t\t<section data-particle_enable=\"false\" data-particle-mobile-disabled=\"false\" class=\"elementor-section elementor-top-section elementor-element elementor-element-61fbf514 elementor-section-boxed elementor-section-height-default elementor-section-height-default\" data-id=\"61fbf514\" data-element_type=\"section\" data-e-type=\"section\" data-settings=\"{&quot;background_background&quot;:&quot;classic&quot;}\">\n\t\t\t\t\t\t<div class=\"elementor-container elementor-column-gap-no\">\n\t\t\t\t\t<div class=\"elementor-column elementor-col-100 elementor-top-column elementor-element elementor-element-217af5bb\" data-id=\"217af5bb\" data-element_type=\"column\" data-e-type=\"column\">\n\t\t\t<div class=\"elementor-widget-wrap elementor-element-populated\">\n\t\t\t\t\t\t<section data-particle_enable=\"false\" data-particle-mobile-disabled=\"false\" class=\"elementor-section elementor-inner-section elementor-element elementor-element-6f2bf94 elementor-section-full_width elementor-section-height-default elementor-section-height-default\" data-id=\"6f2bf94\" data-element_type=\"section\" data-e-type=\"section\">\n\t\t\t\t\t\t<div class=\"elementor-container elementor-column-gap-no\">\n\t\t\t\t\t<div class=\"elementor-column elementor-col-100 elementor-inner-column elementor-element elementor-element-416f74fb\" data-id=\"416f74fb\" data-element_type=\"column\" data-e-type=\"column\">\n\t\t\t<div class=\"elementor-widget-wrap elementor-element-populated\">\n\t\t\t\t\t\t<div class=\"elementor-element elementor-element-897a9a3 elementor-widget elementor-widget-text-editor\" data-id=\"897a9a3\" data-element_type=\"widget\" data-e-type=\"widget\" data-widget_type=\"text-editor.default\">\n\t\t\t\t<div class=\"elementor-widget-container\">\n\t\t\t\t\t\t\t\t\t<p>A <em>cookie<\/em> cookie is a small text file that is stored in your browser when you visit almost any web page. It is used so that the website is able to remember your visit when you return to that page. <em>Cookies<\/em> usually store technical information, personal preferences, personalization of content, usage statistics, links to social networks, access to user accounts, etc. The purpose of the <em>cookie<\/em> is to adapt the content of the website to your profile and needs. Without <em>cookies<\/em> the services offered by any website would be significantly diminished. If you would like more information about what <em>cookies<\/em> are, what they store, how to delete them, disable them, etc., <a href=\"https:\/\/humanitastorrejon.com\/mas-informacion-sobre-las-cookies\/\">please follow this link.<\/a><\/p>\n\t\t\t\t\t\t\t\t<\/div>\n\t\t\t\t<\/div>\n\t\t\t\t\t<\/div>\n\t\t<\/div>\n\t\t\t\t\t<\/div>\n\t\t<\/section>\n\t\t\t\t\t<\/div>\n\t\t<\/div>\n\t\t\t\t\t<\/div>\n\t\t<\/section>\n\t\t\t\t<section data-particle_enable=\"false\" data-particle-mobile-disabled=\"false\" class=\"elementor-section elementor-top-section elementor-element elementor-element-1e4fe92 elementor-section-boxed elementor-section-height-default elementor-section-height-default\" data-id=\"1e4fe92\" data-element_type=\"section\" data-e-type=\"section\" data-settings=\"{&quot;background_background&quot;:&quot;gradient&quot;}\">\n\t\t\t\t\t\t<div class=\"elementor-container elementor-column-gap-default\">\n\t\t\t\t\t<div class=\"elementor-column elementor-col-100 elementor-top-column elementor-element elementor-element-7d7fc3e\" data-id=\"7d7fc3e\" data-element_type=\"column\" data-e-type=\"column\">\n\t\t\t<div class=\"elementor-widget-wrap elementor-element-populated\">\n\t\t\t\t\t\t<div class=\"elementor-element elementor-element-e992db1 elementor-widget elementor-widget-heading\" data-id=\"e992db1\" data-element_type=\"widget\" data-e-type=\"widget\" data-widget_type=\"heading.default\">\n\t\t\t\t<div class=\"elementor-widget-container\">\n\t\t\t\t\t<h2 class=\"elementor-heading-title elementor-size-default\">Cookies used on this website<\/h2>\t\t\t\t<\/div>\n\t\t\t\t<\/div>\n\t\t\t\t\t<\/div>\n\t\t<\/div>\n\t\t\t\t\t<\/div>\n\t\t<\/section>\n\t\t\t\t<section data-particle_enable=\"false\" data-particle-mobile-disabled=\"false\" class=\"elementor-section elementor-top-section elementor-element elementor-element-da87223 elementor-section-boxed elementor-section-height-default elementor-section-height-default\" data-id=\"da87223\" data-element_type=\"section\" data-e-type=\"section\" data-settings=\"{&quot;background_background&quot;:&quot;classic&quot;}\">\n\t\t\t\t\t\t<div class=\"elementor-container elementor-column-gap-no\">\n\t\t\t\t\t<div class=\"elementor-column elementor-col-100 elementor-top-column elementor-element elementor-element-2d3f78c\" data-id=\"2d3f78c\" data-element_type=\"column\" data-e-type=\"column\">\n\t\t\t<div class=\"elementor-widget-wrap elementor-element-populated\">\n\t\t\t\t\t\t<section data-particle_enable=\"false\" data-particle-mobile-disabled=\"false\" class=\"elementor-section elementor-inner-section elementor-element elementor-element-8f9068f elementor-section-full_width elementor-section-height-default elementor-section-height-default\" data-id=\"8f9068f\" data-element_type=\"section\" data-e-type=\"section\">\n\t\t\t\t\t\t<div class=\"elementor-container elementor-column-gap-no\">\n\t\t\t\t\t<div class=\"elementor-column elementor-col-100 elementor-inner-column elementor-element elementor-element-258bb30\" data-id=\"258bb30\" data-element_type=\"column\" data-e-type=\"column\">\n\t\t\t<div class=\"elementor-widget-wrap elementor-element-populated\">\n\t\t\t\t\t\t<div class=\"elementor-element elementor-element-7d37bda elementor-widget elementor-widget-text-editor\" data-id=\"7d37bda\" data-element_type=\"widget\" data-e-type=\"widget\" data-widget_type=\"text-editor.default\">\n\t\t\t\t<div class=\"elementor-widget-container\">\n\t\t\t\t\t\t\t\t\t<p>Following the guidelines of the Spanish Data Protection Agency we proceed to detail this website uses <em>cookies<\/em> in order to inform you as accurately as possible.<\/p>\n<p>This website uses the following <strong>own cookies<\/strong>:<\/p>\n<ul>\n<li>Session cookies to ensure that users who write comments on the blog are human and not automated applications. This is the way to combat <em>spam<\/em>.<\/li>\n<\/ul>\n<p>This website uses the following <strong>third-party cookies<\/strong>:<\/p>\n<ul>\n<li>Google Analytics: Stores <em>cookies<\/em> to compile statistics on traffic and volume of visits to this website. By using this website you consent to the processing of data about you by Google. Therefore, any rights you wish to exercise in this regard should be communicated directly with Google.<\/li>\n<li>Social networks: each social network uses its own <em>cookies<\/em> to enable you to click on <em>Like<\/em> or <em>Share<\/em> buttons.<\/li>\n<\/ul>\n\t\t\t\t\t\t\t\t<\/div>\n\t\t\t\t<\/div>\n\t\t\t\t\t<\/div>\n\t\t<\/div>\n\t\t\t\t\t<\/div>\n\t\t<\/section>\n\t\t\t\t\t<\/div>\n\t\t<\/div>\n\t\t\t\t\t<\/div>\n\t\t<\/section>\n\t\t\t\t<section data-particle_enable=\"false\" data-particle-mobile-disabled=\"false\" class=\"elementor-section elementor-top-section elementor-element elementor-element-97c7ad9 elementor-section-boxed elementor-section-height-default elementor-section-height-default\" data-id=\"97c7ad9\" data-element_type=\"section\" data-e-type=\"section\" data-settings=\"{&quot;background_background&quot;:&quot;gradient&quot;}\">\n\t\t\t\t\t\t<div class=\"elementor-container elementor-column-gap-default\">\n\t\t\t\t\t<div class=\"elementor-column elementor-col-100 elementor-top-column elementor-element elementor-element-706384f\" data-id=\"706384f\" data-element_type=\"column\" data-e-type=\"column\">\n\t\t\t<div class=\"elementor-widget-wrap elementor-element-populated\">\n\t\t\t\t\t\t<div class=\"elementor-element elementor-element-28a5a9c elementor-widget elementor-widget-heading\" data-id=\"28a5a9c\" data-element_type=\"widget\" data-e-type=\"widget\" data-widget_type=\"heading.default\">\n\t\t\t\t<div class=\"elementor-widget-container\">\n\t\t\t\t\t<h2 class=\"elementor-heading-title elementor-size-default\">Disabling or deleting cookies<\/h2>\t\t\t\t<\/div>\n\t\t\t\t<\/div>\n\t\t\t\t\t<\/div>\n\t\t<\/div>\n\t\t\t\t\t<\/div>\n\t\t<\/section>\n\t\t\t\t<section data-particle_enable=\"false\" data-particle-mobile-disabled=\"false\" class=\"elementor-section elementor-top-section elementor-element elementor-element-db79ee3 elementor-section-boxed elementor-section-height-default elementor-section-height-default\" data-id=\"db79ee3\" data-element_type=\"section\" data-e-type=\"section\" data-settings=\"{&quot;background_background&quot;:&quot;classic&quot;}\">\n\t\t\t\t\t\t<div class=\"elementor-container elementor-column-gap-no\">\n\t\t\t\t\t<div class=\"elementor-column elementor-col-100 elementor-top-column elementor-element elementor-element-5fbc2d0\" data-id=\"5fbc2d0\" data-element_type=\"column\" data-e-type=\"column\">\n\t\t\t<div class=\"elementor-widget-wrap elementor-element-populated\">\n\t\t\t\t\t\t<section data-particle_enable=\"false\" data-particle-mobile-disabled=\"false\" class=\"elementor-section elementor-inner-section elementor-element elementor-element-07334d0 elementor-section-full_width elementor-section-height-default elementor-section-height-default\" data-id=\"07334d0\" data-element_type=\"section\" data-e-type=\"section\">\n\t\t\t\t\t\t<div class=\"elementor-container elementor-column-gap-no\">\n\t\t\t\t\t<div class=\"elementor-column elementor-col-100 elementor-inner-column elementor-element elementor-element-e154dd7\" data-id=\"e154dd7\" data-element_type=\"column\" data-e-type=\"column\">\n\t\t\t<div class=\"elementor-widget-wrap elementor-element-populated\">\n\t\t\t\t\t\t<div class=\"elementor-element elementor-element-ccd43a5 elementor-widget elementor-widget-text-editor\" data-id=\"ccd43a5\" data-element_type=\"widget\" data-e-type=\"widget\" data-widget_type=\"text-editor.default\">\n\t\t\t\t<div class=\"elementor-widget-container\">\n\t\t\t\t\t\t\t\t\t<p>You may exercise your right to disable or delete cookies from this website at any time. These actions are performed differently depending on the browser you are using. <a href=\"https:\/\/humanitastorrejon.com\/mas-informacion-sobre-las-cookies\/#navegadores\">Here&#8217;s a quick guide for the most popular browsers.<\/a><\/p>\n\t\t\t\t\t\t\t\t<\/div>\n\t\t\t\t<\/div>\n\t\t\t\t\t<\/div>\n\t\t<\/div>\n\t\t\t\t\t<\/div>\n\t\t<\/section>\n\t\t\t\t\t<\/div>\n\t\t<\/div>\n\t\t\t\t\t<\/div>\n\t\t<\/section>\n\t\t\t\t<section data-particle_enable=\"false\" data-particle-mobile-disabled=\"false\" class=\"elementor-section elementor-top-section elementor-element elementor-element-cb9042d elementor-section-boxed elementor-section-height-default elementor-section-height-default\" data-id=\"cb9042d\" data-element_type=\"section\" data-e-type=\"section\" data-settings=\"{&quot;background_background&quot;:&quot;gradient&quot;}\">\n\t\t\t\t\t\t<div class=\"elementor-container elementor-column-gap-default\">\n\t\t\t\t\t<div class=\"elementor-column elementor-col-100 elementor-top-column elementor-element elementor-element-f5ccdce\" data-id=\"f5ccdce\" data-element_type=\"column\" data-e-type=\"column\">\n\t\t\t<div class=\"elementor-widget-wrap elementor-element-populated\">\n\t\t\t\t\t\t<div class=\"elementor-element elementor-element-c5877bf elementor-widget elementor-widget-heading\" data-id=\"c5877bf\" data-element_type=\"widget\" data-e-type=\"widget\" data-widget_type=\"heading.default\">\n\t\t\t\t<div class=\"elementor-widget-container\">\n\t\t\t\t\t<h2 class=\"elementor-heading-title elementor-size-default\">Additional notes<\/h2>\t\t\t\t<\/div>\n\t\t\t\t<\/div>\n\t\t\t\t\t<\/div>\n\t\t<\/div>\n\t\t\t\t\t<\/div>\n\t\t<\/section>\n\t\t\t\t<section data-particle_enable=\"false\" data-particle-mobile-disabled=\"false\" class=\"elementor-section elementor-top-section elementor-element elementor-element-3cc303a elementor-section-boxed elementor-section-height-default elementor-section-height-default\" data-id=\"3cc303a\" data-element_type=\"section\" data-e-type=\"section\" data-settings=\"{&quot;background_background&quot;:&quot;classic&quot;}\">\n\t\t\t\t\t\t<div class=\"elementor-container elementor-column-gap-no\">\n\t\t\t\t\t<div class=\"elementor-column elementor-col-100 elementor-top-column elementor-element elementor-element-28e47f0\" data-id=\"28e47f0\" data-element_type=\"column\" data-e-type=\"column\">\n\t\t\t<div class=\"elementor-widget-wrap elementor-element-populated\">\n\t\t\t\t\t\t<section data-particle_enable=\"false\" data-particle-mobile-disabled=\"false\" class=\"elementor-section elementor-inner-section elementor-element elementor-element-ff0cfbd elementor-section-full_width elementor-section-height-default elementor-section-height-default\" data-id=\"ff0cfbd\" data-element_type=\"section\" data-e-type=\"section\">\n\t\t\t\t\t\t<div class=\"elementor-container elementor-column-gap-no\">\n\t\t\t\t\t<div class=\"elementor-column elementor-col-100 elementor-inner-column elementor-element elementor-element-83ede4a\" data-id=\"83ede4a\" data-element_type=\"column\" data-e-type=\"column\">\n\t\t\t<div class=\"elementor-widget-wrap elementor-element-populated\">\n\t\t\t\t\t\t<div class=\"elementor-element elementor-element-0a0890e elementor-widget elementor-widget-text-editor\" data-id=\"0a0890e\" data-element_type=\"widget\" data-e-type=\"widget\" data-widget_type=\"text-editor.default\">\n\t\t\t\t<div class=\"elementor-widget-container\">\n\t\t\t\t\t\t\t\t\t<ul>\n<li>Neither this website nor its legal representatives are responsible for the content or accuracy of the privacy policies that third parties mentioned in this <em>cookies<\/em> policy may have.<\/li>\n<li>Web browsers are the tools in charge of storing <em>cookies<\/em>and this is where you should exercise your right to delete or deactivate them Neither this website nor its legal representatives can guarantee the correct or incorrect handling of <em>cookies<\/em> by the aforementioned browsers.<\/li>\n<li>In some cases it is necessary to install <em>cookies<\/em> so that the browser does not forget your decision not to accept them.<\/li>\n<li>.In the case of Google Analytics <em>cookies<\/em>, Google stores <em>cookies<\/em> on servers located in the United States and undertakes not to share it with third parties, except in cases where it is necessary for the operation of the system or when required by law. According to Google, it does not save your IP address. Google Inc. is a company that is signed up to the Safe Harbour Agreement, which guarantees that all data transferred will be processed with a level of protection in accordance with European regulations. Detailed information on this subject can be found <a href=\"https:\/\/safeharbor.export.gov\/companyinfo.aspx?id=16626\" target=\"_blank\" rel=\"noopener noreferrer\">at this link<\/a>. If you want information about how Google uses cookies <a href=\"https:\/\/developers.google.com\/analytics\/devguides\/collection\/analyticsjs\/cookie-usage?hl=es&amp;csw=1\" target=\"_blank\" rel=\"noopener noreferrer\">you can also consult this link<\/a>.<\/li>\n<li>If you have any doubts or questions about this <em>cookies<\/em> policy, please do not hesitate to contact us through the contact section.<\/li>\n<\/ul>\n<p>Advisor is a <a href=\"https:\/\/wordpress.org\/plugins\/asesor-cookies-para-la-ley-en-espana\/\" target=\"_blank\" rel=\"noopener noreferrer\">plugin for WordPress<\/a> created by Cookiebot (<a href=\"https:\/\/webartesanal.com\/\" target=\"_blank\" rel=\"noopener noreferrer\">Cookiebot.com<\/a>)<\/p>\n\t\t\t\t\t\t\t\t<\/div>\n\t\t\t\t<\/div>\n\t\t\t\t\t<\/div>\n\t\t<\/div>\n\t\t\t\t\t<\/div>\n\t\t<\/section>\n\t\t\t\t\t<\/div>\n\t\t<\/div>\n\t\t\t\t\t<\/div>\n\t\t<\/section>\n\t\t\t\t<section data-particle_enable=\"false\" data-particle-mobile-disabled=\"false\" class=\"elementor-section elementor-top-section elementor-element elementor-element-1c22f5c8 elementor-section-content-middle elementor-section-height-min-height elementor-section-boxed elementor-section-height-default elementor-section-items-middle\" data-id=\"1c22f5c8\" data-element_type=\"section\" data-e-type=\"section\" data-settings=\"{&quot;background_background&quot;:&quot;slideshow&quot;,&quot;background_slideshow_gallery&quot;:[{&quot;id&quot;:5212,&quot;url&quot;:&quot;https:\\\/\\\/www.humanitastorrejon.com\\\/wp-content\\\/uploads\\\/2022\\\/06\\\/HumanitasTorrejon-56_VenConocernos1_v2-scaled.jpg&quot;}],&quot;background_slideshow_loop&quot;:&quot;yes&quot;,&quot;background_slideshow_slide_duration&quot;:5000,&quot;background_slideshow_slide_transition&quot;:&quot;fade&quot;,&quot;background_slideshow_transition_duration&quot;:500}\">\n\t\t\t\t\t\t\t<div class=\"elementor-background-overlay\"><\/div>\n\t\t\t\t\t\t\t<div class=\"elementor-container elementor-column-gap-default\">\n\t\t\t\t\t<div class=\"elementor-column elementor-col-100 elementor-top-column elementor-element elementor-element-4a1d89be\" data-id=\"4a1d89be\" data-element_type=\"column\" data-e-type=\"column\">\n\t\t\t<div class=\"elementor-widget-wrap elementor-element-populated\">\n\t\t\t\t\t\t<div class=\"elementor-element elementor-element-2146d156 elementor-widget elementor-widget-heading\" data-id=\"2146d156\" data-element_type=\"widget\" data-e-type=\"widget\" data-widget_type=\"heading.default\">\n\t\t\t\t<div class=\"elementor-widget-container\">\n\t\t\t\t\t<h4 class=\"elementor-heading-title elementor-size-default\">Come and meet us<\/h4>\t\t\t\t<\/div>\n\t\t\t\t<\/div>\n\t\t\t\t<div class=\"elementor-element elementor-element-21484567 elementor-widget elementor-widget-text-editor\" data-id=\"21484567\" data-element_type=\"widget\" data-e-type=\"widget\" data-widget_type=\"text-editor.default\">\n\t\t\t\t<div class=\"elementor-widget-container\">\n\t\t\t\t\t\t\t\t\t<p><span style=\"font-family: 'Open Sans',sans-serif; letter-spacing: .75pt;\">Discover our educational project from the hand of our teaching staff.<\/span><\/p>\n\t\t\t\t\t\t\t\t<\/div>\n\t\t\t\t<\/div>\n\t\t\t\t<div class=\"elementor-element elementor-element-2e4d9c2c elementor-align-center elementor-widget elementor-widget-button\" data-id=\"2e4d9c2c\" data-element_type=\"widget\" data-e-type=\"widget\" data-settings=\"{&quot;_animation&quot;:&quot;none&quot;}\" data-widget_type=\"button.default\">\n\t\t\t\t<div class=\"elementor-widget-container\">\n\t\t\t\t\t\t\t\t\t<div class=\"elementor-button-wrapper\">\n\t\t\t\t\t<a class=\"elementor-button elementor-button-link elementor-size-md elementor-animation-grow\" href=\"#\">\n\t\t\t\t\t\t<span class=\"elementor-button-content-wrapper\">\n\t\t\t\t\t\t<span class=\"elementor-button-icon\">\n\t\t\t\t<i aria-hidden=\"true\" class=\"fas fa-angle-right\"><\/i>\t\t\t<\/span>\n\t\t\t\t\t\t\t\t\t<span class=\"elementor-button-text\">Arrange Interview<\/span>\n\t\t\t\t\t<\/span>\n\t\t\t\t\t<\/a>\n\t\t\t\t<\/div>\n\t\t\t\t\t\t\t\t<\/div>\n\t\t\t\t<\/div>\n\t\t\t\t\t<\/div>\n\t\t<\/div>\n\t\t\t\t\t<\/div>\n\t\t<\/section>\n\t\t\t\t<\/div>\n\t\t","protected":false},"excerpt":{"rendered":"<p>Cookie Policy A cookie cookie is a small text file that is stored in your browser when you visit almost any web page. It is used so that the website is able to remember your visit when you return to that page. Cookies usually store technical information, personal preferences, personalization of content, usage statistics, links&hellip;<\/p>\n","protected":false},"author":2,"featured_media":0,"parent":0,"menu_order":0,"comment_status":"closed","ping_status":"closed","template":"elementor_header_footer","meta":{"_eb_attr":"","footnotes":""},"class_list":["post-7475","page","type-page","status-publish","hentry"],"yoast_head":"<!-- This site is optimized with the Yoast SEO plugin v27.5 - https:\/\/yoast.com\/product\/yoast-seo-wordpress\/ -->\n<title>Cookie Policy - Humanitas Bilingual School Torrej\u00f3n<\/title>\n<meta name=\"description\" content=\"Cookie Policy: A cookie is a small text file that is stored in your browser when you visit almost any web page.\" \/>\n<meta name=\"robots\" content=\"index, follow, max-snippet:-1, max-image-preview:large, max-video-preview:-1\" \/>\n<link rel=\"canonical\" href=\"https:\/\/www.humanitastorrejon.com\/en\/cookie-policy\/\" \/>\n<meta property=\"og:locale\" content=\"en_US\" \/>\n<meta property=\"og:type\" content=\"article\" \/>\n<meta property=\"og:title\" content=\"Cookie Policy - Humanitas Bilingual School Torrej\u00f3n\" \/>\n<meta property=\"og:description\" content=\"Cookie Policy: A cookie is a small text file that is stored in your browser when you visit almost any web page.\" \/>\n<meta property=\"og:url\" content=\"https:\/\/www.humanitastorrejon.com\/en\/cookie-policy\/\" \/>\n<meta property=\"og:site_name\" content=\"Humanitas Bilingual School Torrej\u00f3n\" \/>\n<meta property=\"article:modified_time\" content=\"2024-01-15T14:08:04+00:00\" \/>\n<meta name=\"twitter:card\" content=\"summary_large_image\" \/>\n<meta name=\"twitter:label1\" content=\"Est. reading time\" \/>\n\t<meta name=\"twitter:data1\" content=\"3 minutes\" \/>\n<script type=\"application\/ld+json\" class=\"yoast-schema-graph\">{\"@context\":\"https:\\\/\\\/schema.org\",\"@graph\":[{\"@type\":\"WebPage\",\"@id\":\"https:\\\/\\\/www.humanitastorrejon.com\\\/en\\\/cookie-policy\\\/\",\"url\":\"https:\\\/\\\/www.humanitastorrejon.com\\\/en\\\/cookie-policy\\\/\",\"name\":\"Cookie Policy - Humanitas Bilingual School Torrej\u00f3n\",\"isPartOf\":{\"@id\":\"https:\\\/\\\/www.humanitastorrejon.com\\\/#website\"},\"datePublished\":\"2023-02-20T15:36:45+00:00\",\"dateModified\":\"2024-01-15T14:08:04+00:00\",\"description\":\"Cookie Policy: A cookie is a small text file that is stored in your browser when you visit almost any web page.\",\"inLanguage\":\"en-US\",\"potentialAction\":[{\"@type\":\"ReadAction\",\"target\":[\"https:\\\/\\\/www.humanitastorrejon.com\\\/en\\\/cookie-policy\\\/\"]}]},{\"@type\":\"WebSite\",\"@id\":\"https:\\\/\\\/www.humanitastorrejon.com\\\/#website\",\"url\":\"https:\\\/\\\/www.humanitastorrejon.com\\\/\",\"name\":\"Humanitas Bilingual School Torrej\u00f3n\",\"description\":\"Colegio concertado biling\u00fce en Torrej\u00f3n de Ardoz de 2 a 18 a\u00f1os\",\"potentialAction\":[{\"@type\":\"SearchAction\",\"target\":{\"@type\":\"EntryPoint\",\"urlTemplate\":\"https:\\\/\\\/www.humanitastorrejon.com\\\/?s={search_term_string}\"},\"query-input\":{\"@type\":\"PropertyValueSpecification\",\"valueRequired\":true,\"valueName\":\"search_term_string\"}}],\"inLanguage\":\"en-US\"}]}<\/script>\n<!-- \/ Yoast SEO plugin. -->","yoast_head_json":{"title":"Cookie Policy - Humanitas Bilingual School Torrej\u00f3n","description":"Cookie Policy: A cookie is a small text file that is stored in your browser when you visit almost any web page.","robots":{"index":"index","follow":"follow","max-snippet":"max-snippet:-1","max-image-preview":"max-image-preview:large","max-video-preview":"max-video-preview:-1"},"canonical":"https:\/\/www.humanitastorrejon.com\/en\/cookie-policy\/","og_locale":"en_US","og_type":"article","og_title":"Cookie Policy - Humanitas Bilingual School Torrej\u00f3n","og_description":"Cookie Policy: A cookie is a small text file that is stored in your browser when you visit almost any web page.","og_url":"https:\/\/www.humanitastorrejon.com\/en\/cookie-policy\/","og_site_name":"Humanitas Bilingual School Torrej\u00f3n","article_modified_time":"2024-01-15T14:08:04+00:00","twitter_card":"summary_large_image","twitter_misc":{"Est. reading time":"3 minutes"},"schema":{"@context":"https:\/\/schema.org","@graph":[{"@type":"WebPage","@id":"https:\/\/www.humanitastorrejon.com\/en\/cookie-policy\/","url":"https:\/\/www.humanitastorrejon.com\/en\/cookie-policy\/","name":"Cookie Policy - Humanitas Bilingual School Torrej\u00f3n","isPartOf":{"@id":"https:\/\/www.humanitastorrejon.com\/#website"},"datePublished":"2023-02-20T15:36:45+00:00","dateModified":"2024-01-15T14:08:04+00:00","description":"Cookie Policy: A cookie is a small text file that is stored in your browser when you visit almost any web page.","inLanguage":"en-US","potentialAction":[{"@type":"ReadAction","target":["https:\/\/www.humanitastorrejon.com\/en\/cookie-policy\/"]}]},{"@type":"WebSite","@id":"https:\/\/www.humanitastorrejon.com\/#website","url":"https:\/\/www.humanitastorrejon.com\/","name":"Humanitas Bilingual School Torrej\u00f3n","description":"Colegio concertado biling\u00fce en Torrej\u00f3n de Ardoz de 2 a 18 a\u00f1os","potentialAction":[{"@type":"SearchAction","target":{"@type":"EntryPoint","urlTemplate":"https:\/\/www.humanitastorrejon.com\/?s={search_term_string}"},"query-input":{"@type":"PropertyValueSpecification","valueRequired":true,"valueName":"search_term_string"}}],"inLanguage":"en-US"}]}},"_links":{"self":[{"href":"https:\/\/www.humanitastorrejon.com\/en\/wp-json\/wp\/v2\/pages\/7475","targetHints":{"allow":["GET"]}}],"collection":[{"href":"https:\/\/www.humanitastorrejon.com\/en\/wp-json\/wp\/v2\/pages"}],"about":[{"href":"https:\/\/www.humanitastorrejon.com\/en\/wp-json\/wp\/v2\/types\/page"}],"author":[{"embeddable":true,"href":"https:\/\/www.humanitastorrejon.com\/en\/wp-json\/wp\/v2\/users\/2"}],"replies":[{"embeddable":true,"href":"https:\/\/www.humanitastorrejon.com\/en\/wp-json\/wp\/v2\/comments?post=7475"}],"version-history":[{"count":2,"href":"https:\/\/www.humanitastorrejon.com\/en\/wp-json\/wp\/v2\/pages\/7475\/revisions"}],"predecessor-version":[{"id":9191,"href":"https:\/\/www.humanitastorrejon.com\/en\/wp-json\/wp\/v2\/pages\/7475\/revisions\/9191"}],"wp:attachment":[{"href":"https:\/\/www.humanitastorrejon.com\/en\/wp-json\/wp\/v2\/media?parent=7475"}],"curies":[{"name":"wp","href":"https:\/\/api.w.org\/{rel}","templated":true}]}}