{"id":7469,"date":"2023-02-20T12:47:36","date_gmt":"2023-02-20T12:47:36","guid":{"rendered":"https:\/\/www.humanitastorrejon.com\/privacy-policy\/"},"modified":"2024-01-15T14:08:05","modified_gmt":"2024-01-15T14:08:05","slug":"privacy-policy","status":"publish","type":"page","link":"https:\/\/www.humanitastorrejon.com\/en\/privacy-policy\/","title":{"rendered":"Privacy Policy"},"content":{"rendered":"\t\t<div data-elementor-type=\"wp-page\" data-elementor-id=\"7469\" class=\"elementor elementor-7469 elementor-3376\">\n\t\t\t\t\t\t<section data-particle_enable=\"false\" data-particle-mobile-disabled=\"false\" class=\"elementor-section elementor-top-section elementor-element elementor-element-6f631719 elementor-section-content-middle proyectos elementor-section-boxed elementor-section-height-default elementor-section-height-default\" data-id=\"6f631719\" data-element_type=\"section\" data-e-type=\"section\" id=\"proyectos\" data-settings=\"{&quot;background_background&quot;:&quot;classic&quot;}\">\n\t\t\t\t\t\t<div class=\"elementor-container elementor-column-gap-no\">\n\t\t\t\t\t<div class=\"elementor-column elementor-col-100 elementor-top-column elementor-element elementor-element-710dc74c\" data-id=\"710dc74c\" data-element_type=\"column\" data-e-type=\"column\">\n\t\t\t<div class=\"elementor-widget-wrap elementor-element-populated\">\n\t\t\t\t\t\t<div class=\"elementor-element elementor-element-55b861f5 animated-slow elementor-invisible elementor-widget elementor-widget-heading\" data-id=\"55b861f5\" data-element_type=\"widget\" data-e-type=\"widget\" data-settings=\"{&quot;_animation&quot;:&quot;fadeInUp&quot;,&quot;_animation_delay&quot;:100}\" data-widget_type=\"heading.default\">\n\t\t\t\t<div class=\"elementor-widget-container\">\n\t\t\t\t\t<h1 class=\"elementor-heading-title elementor-size-default\">Privacy Policy<\/h1>\t\t\t\t<\/div>\n\t\t\t\t<\/div>\n\t\t\t\t\t<\/div>\n\t\t<\/div>\n\t\t\t\t\t<\/div>\n\t\t<\/section>\n\t\t\t\t<section data-particle_enable=\"false\" data-particle-mobile-disabled=\"false\" class=\"elementor-section elementor-top-section elementor-element elementor-element-61fbf514 elementor-section-boxed elementor-section-height-default elementor-section-height-default\" data-id=\"61fbf514\" data-element_type=\"section\" data-e-type=\"section\" data-settings=\"{&quot;background_background&quot;:&quot;classic&quot;}\">\n\t\t\t\t\t\t<div class=\"elementor-container elementor-column-gap-no\">\n\t\t\t\t\t<div class=\"elementor-column elementor-col-100 elementor-top-column elementor-element elementor-element-217af5bb\" data-id=\"217af5bb\" data-element_type=\"column\" data-e-type=\"column\">\n\t\t\t<div class=\"elementor-widget-wrap elementor-element-populated\">\n\t\t\t\t\t\t<div class=\"elementor-element elementor-element-3c050fa elementor-widget elementor-widget-spacer\" data-id=\"3c050fa\" data-element_type=\"widget\" data-e-type=\"widget\" data-widget_type=\"spacer.default\">\n\t\t\t\t<div class=\"elementor-widget-container\">\n\t\t\t\t\t\t\t<div class=\"elementor-spacer\">\n\t\t\t<div class=\"elementor-spacer-inner\"><\/div>\n\t\t<\/div>\n\t\t\t\t\t\t<\/div>\n\t\t\t\t<\/div>\n\t\t\t\t<section data-particle_enable=\"false\" data-particle-mobile-disabled=\"false\" class=\"elementor-section elementor-inner-section elementor-element elementor-element-6f2bf94 elementor-section-full_width elementor-section-height-default elementor-section-height-default\" data-id=\"6f2bf94\" data-element_type=\"section\" data-e-type=\"section\">\n\t\t\t\t\t\t<div class=\"elementor-container elementor-column-gap-no\">\n\t\t\t\t\t<div class=\"elementor-column elementor-col-100 elementor-inner-column elementor-element elementor-element-416f74fb\" data-id=\"416f74fb\" data-element_type=\"column\" data-e-type=\"column\">\n\t\t\t<div class=\"elementor-widget-wrap elementor-element-populated\">\n\t\t\t\t\t\t<div class=\"elementor-element elementor-element-897a9a3 elementor-widget elementor-widget-text-editor\" data-id=\"897a9a3\" data-element_type=\"widget\" data-e-type=\"widget\" data-widget_type=\"text-editor.default\">\n\t\t\t\t<div class=\"elementor-widget-container\">\n\t\t\t\t\t\t\t\t\t<div class=\"entry-content\" style=\"display: block;\">\n<p>COLEGIO HUMANITAS BILINGUAL SCHOOL TORREJ\u00d3N DE ARDOZ, S.L. is especially sensitive to the protection of personal data of the users of the website services By means of this privacy policy (hereinafter, the Policy), COLEGIO HUMANITAS BILINGUAL SCHOOL TORREJ\u00d3N DE ARDOZ, S.L. informs the USERS of the website https:\/\/www.humanitastorrejon.com\/ of the uses to which the personal data collected on the website are subjected, so that they can decide, freely and voluntarily, if they wish to provide the requested information.<\/p>\n<p>COLEGIO HUMANITAS BILINGUAL SCHOOL TORREJ\u00d3N DE ARDOZ, S.L., reserves the right to modify this Policy in order to adapt it to new legislation, jurisprudential criteria, industry practices, or interests of the entity. Any modification shall be announced with due notice, so that Users are fully aware of its contents.<\/p>\n<p><strong>DATA CONTROLLER<\/strong><\/p>\n<p>The data controller is: COLEGIO HUMANITAS BILINGUAL SCHOOL TORREJ\u00d3N DE ARDOZ, S.L.<\/p>\n<p>With registered office for these purposes at C\/ Salvador Dal\u00ed, 3. 28850 \u2013 Torrej\u00f3n de Ardoz. 28850 \u2013 Torrej\u00f3n de Ardoz.<\/p>\n<p><a href=\"https:\/\/wwwhumanitastorrejon.com\/\">https:\/\/www.humanitastorrejon.com<\/a><\/p>\n<p>Phone (+34) 910001908 y e-mail lopd@humanitastorrejon.com<\/p>\n<p><strong>PURPOSES OF THE PROCESSING<\/strong><\/p>\n<p>The purpose of the collection and processing of personal data through the electronic email owned by COLEGIO HUMANITAS BILINGUAL SCHOOL TORREJ\u00d3N DE ARDOZ, S.L. made available to the users, is, according to the specific case, to manage and attend to requests for information, doubts or suggestions, or publications or any services or activities, acts or events provided, offered, endorsed and\/or sponsored by COLEGIO HUMANITAS BILINGUAL SCHOOL TORREJ\u00d3N DE ARDOZ, S.L.<\/p>\n<p><strong>RETENTION PERIOD<\/strong><\/p>\n<p>The personal data provided shall be kept for the corresponding period of time to comply with legal obligations, except when their deletion is requested by the data subject and such request is legitimate.<\/p>\n<p><strong>LEGITIMISATION<\/strong><\/p>\n<p>COLEGIO HUMANITAS BILINGUAL SCHOOL TORREJ\u00d3N DE ARDOZ, S.L. is entitled to process personal data based on the consent given by the data subject for one or more specific purposes, as stated in Article 6.1. a) of the General Data Protection Regulation (GDPR). a) of the General Personal Data Protection Regulation.<\/p>\n<p><strong>RECIPIENTS<\/strong><\/p>\n<p>In order to ensure that the data contained in our computer and\/or paper files always correspond to reality, COLEGIO HUMANITAS BILINGUAL SCHOOL, S.L. shall try to keep them up to date For this purpose, the user must make the changes directly, when authorized to do so, or by notifying the corresponding area or department of COLEGIO HUMANITAS BILINGUAL SCHOOL TORREJ\u00d3N DE ARDOZ, S.L. by reliable means.<\/p>\n<p>The personal data collected through the e-mail address owned by the data controller shall not be transferred or disclosed to third parties, except in cases where this is necessary for the development, control and fulfilment of the purpose\/s expressed, in the cases provided for by law, as well as in specific cases, of which the User is expressly informed.<\/p>\n<p><strong>USERS&#8217; RIGHTS<\/strong><\/p>\n<p>In accordance with the GDPR, the data subject may exercise the rights to which they are entitled, which are:<\/p>\n<ul>\n<li>Right to request access to personal data relating to the data subject<\/li>\n<\/ul>\n<ul>\n<li>Right to request rectification or deletion<\/li>\n<\/ul>\n<ul>\n<li>Right to request the restriction of its processing<\/li>\n<\/ul>\n<ul>\n<li>Right to object to processing<\/li>\n<\/ul>\n<ul>\n<li>Right to data portability<\/li>\n<\/ul>\n<p>The data subject may exercise such rights by means of a request accompanied by a photocopy of their ID card, and in which they shall specify which of these rights they request to be exercised, sent to the address: COLEGIO HUMANITAS BILINGUAL SCHOOL TORREJ\u00d3N DE ARDOZ, S.L., registered office for these purposes at COLEGIO HUMANITAS BILINGUAL SCHOOL TORREJ\u00d3N DE ARDOZ, S.L., Madrid.<\/p>\n<p><strong>ORIGIN (ONLY IF THE DATA DOES NOT ORIGINATE FROM THE DATA SUBJECT)<\/strong><\/p>\n<p>COLEGIO HUMANITAS BILINGUAL SCHOOL TORREJ\u00d3N DE ARDOZ, S.L. has adopted the legally required technical and organizational measures in its information system in order to guarantee the security and confidentiality of the stored data, thus avoiding, as far as possible, its unauthorized alteration, loss, processing or access.<\/p>\n<p><strong>SECURITY MEASURES<\/strong><\/p>\n<p>The data controller (COLEGIO HUMANITAS BILINGUAL SCHOOL TORREJ\u00d3N DE ARDOZ, S.L.) shall apply appropriate technical and organizational measures to ensure a level of security suited to the risk involved.<\/p>\n<\/div>\n\t\t\t\t\t\t\t\t<\/div>\n\t\t\t\t<\/div>\n\t\t\t\t\t<\/div>\n\t\t<\/div>\n\t\t\t\t\t<\/div>\n\t\t<\/section>\n\t\t\t\t<div class=\"elementor-element elementor-element-6c8ef4f elementor-widget elementor-widget-spacer\" data-id=\"6c8ef4f\" data-element_type=\"widget\" data-e-type=\"widget\" data-widget_type=\"spacer.default\">\n\t\t\t\t<div class=\"elementor-widget-container\">\n\t\t\t\t\t\t\t<div class=\"elementor-spacer\">\n\t\t\t<div class=\"elementor-spacer-inner\"><\/div>\n\t\t<\/div>\n\t\t\t\t\t\t<\/div>\n\t\t\t\t<\/div>\n\t\t\t\t<div class=\"elementor-element elementor-element-44b2ae3 elementor-widget elementor-widget-spacer\" data-id=\"44b2ae3\" data-element_type=\"widget\" data-e-type=\"widget\" data-widget_type=\"spacer.default\">\n\t\t\t\t<div class=\"elementor-widget-container\">\n\t\t\t\t\t\t\t<div class=\"elementor-spacer\">\n\t\t\t<div class=\"elementor-spacer-inner\"><\/div>\n\t\t<\/div>\n\t\t\t\t\t\t<\/div>\n\t\t\t\t<\/div>\n\t\t\t\t\t<\/div>\n\t\t<\/div>\n\t\t\t\t\t<\/div>\n\t\t<\/section>\n\t\t\t\t<section data-particle_enable=\"false\" data-particle-mobile-disabled=\"false\" class=\"elementor-section elementor-top-section elementor-element elementor-element-698b7244 elementor-section-content-middle elementor-section-height-min-height elementor-section-boxed elementor-section-height-default elementor-section-items-middle\" data-id=\"698b7244\" data-element_type=\"section\" data-e-type=\"section\" data-settings=\"{&quot;background_background&quot;:&quot;slideshow&quot;,&quot;background_slideshow_gallery&quot;:[{&quot;id&quot;:5212,&quot;url&quot;:&quot;https:\\\/\\\/www.humanitastorrejon.com\\\/wp-content\\\/uploads\\\/2022\\\/06\\\/HumanitasTorrejon-56_VenConocernos1_v2-scaled.jpg&quot;}],&quot;background_slideshow_loop&quot;:&quot;yes&quot;,&quot;background_slideshow_slide_duration&quot;:5000,&quot;background_slideshow_slide_transition&quot;:&quot;fade&quot;,&quot;background_slideshow_transition_duration&quot;:500}\">\n\t\t\t\t\t\t\t<div class=\"elementor-background-overlay\"><\/div>\n\t\t\t\t\t\t\t<div class=\"elementor-container elementor-column-gap-default\">\n\t\t\t\t\t<div class=\"elementor-column elementor-col-100 elementor-top-column elementor-element elementor-element-34efd4ae\" data-id=\"34efd4ae\" data-element_type=\"column\" data-e-type=\"column\">\n\t\t\t<div class=\"elementor-widget-wrap elementor-element-populated\">\n\t\t\t\t\t\t<div class=\"elementor-element elementor-element-c4e58c8 elementor-widget elementor-widget-heading\" data-id=\"c4e58c8\" data-element_type=\"widget\" data-e-type=\"widget\" data-widget_type=\"heading.default\">\n\t\t\t\t<div class=\"elementor-widget-container\">\n\t\t\t\t\t<h4 class=\"elementor-heading-title elementor-size-default\">Come and meet us<\/h4>\t\t\t\t<\/div>\n\t\t\t\t<\/div>\n\t\t\t\t<div class=\"elementor-element elementor-element-36ec0915 elementor-widget elementor-widget-text-editor\" data-id=\"36ec0915\" data-element_type=\"widget\" data-e-type=\"widget\" data-widget_type=\"text-editor.default\">\n\t\t\t\t<div class=\"elementor-widget-container\">\n\t\t\t\t\t\t\t\t\t<p><span style=\"font-family: 'Open Sans',sans-serif; letter-spacing: .75pt;\">Discover our educational project from the hand of our teaching staff.<\/span><\/p>\n\t\t\t\t\t\t\t\t<\/div>\n\t\t\t\t<\/div>\n\t\t\t\t<div class=\"elementor-element elementor-element-68929a7 elementor-align-center elementor-widget elementor-widget-button\" data-id=\"68929a7\" data-element_type=\"widget\" data-e-type=\"widget\" data-settings=\"{&quot;_animation&quot;:&quot;none&quot;}\" data-widget_type=\"button.default\">\n\t\t\t\t<div class=\"elementor-widget-container\">\n\t\t\t\t\t\t\t\t\t<div class=\"elementor-button-wrapper\">\n\t\t\t\t\t<a class=\"elementor-button elementor-button-link elementor-size-md elementor-animation-grow\" href=\"#\">\n\t\t\t\t\t\t<span class=\"elementor-button-content-wrapper\">\n\t\t\t\t\t\t<span class=\"elementor-button-icon\">\n\t\t\t\t<i aria-hidden=\"true\" class=\"fas fa-angle-right\"><\/i>\t\t\t<\/span>\n\t\t\t\t\t\t\t\t\t<span class=\"elementor-button-text\">Arrange Interview<\/span>\n\t\t\t\t\t<\/span>\n\t\t\t\t\t<\/a>\n\t\t\t\t<\/div>\n\t\t\t\t\t\t\t\t<\/div>\n\t\t\t\t<\/div>\n\t\t\t\t\t<\/div>\n\t\t<\/div>\n\t\t\t\t\t<\/div>\n\t\t<\/section>\n\t\t\t\t<\/div>\n\t\t","protected":false},"excerpt":{"rendered":"<p>Privacy Policy COLEGIO HUMANITAS BILINGUAL SCHOOL TORREJ\u00d3N DE ARDOZ, S.L. is especially sensitive to the protection of personal data of the users of the website services By means of this privacy policy (hereinafter, the Policy), COLEGIO HUMANITAS BILINGUAL SCHOOL TORREJ\u00d3N DE ARDOZ, S.L. informs the USERS of the website https:\/\/www.humanitastorrejon.com\/ of the uses to which&hellip;<\/p>\n","protected":false},"author":2,"featured_media":0,"parent":0,"menu_order":0,"comment_status":"closed","ping_status":"closed","template":"elementor_header_footer","meta":{"_eb_attr":"","footnotes":""},"class_list":["post-7469","page","type-page","status-publish","hentry"],"yoast_head":"<!-- This site is optimized with the Yoast SEO plugin v27.4 - https:\/\/yoast.com\/product\/yoast-seo-wordpress\/ -->\n<title>Privacy Policy - Humanitas Bilingual School Torrej\u00f3n<\/title>\n<meta name=\"robots\" content=\"index, follow, max-snippet:-1, max-image-preview:large, max-video-preview:-1\" \/>\n<link rel=\"canonical\" href=\"https:\/\/www.humanitastorrejon.com\/en\/privacy-policy\/\" \/>\n<meta property=\"og:locale\" content=\"en_US\" \/>\n<meta property=\"og:type\" content=\"article\" \/>\n<meta property=\"og:title\" content=\"Privacy Policy - Humanitas Bilingual School Torrej\u00f3n\" \/>\n<meta property=\"og:description\" content=\"Privacy Policy COLEGIO HUMANITAS BILINGUAL SCHOOL TORREJ\u00d3N DE ARDOZ, S.L. is especially sensitive to the protection of personal data of the users of the website services By means of this privacy policy (hereinafter, the Policy), COLEGIO HUMANITAS BILINGUAL SCHOOL TORREJ\u00d3N DE ARDOZ, S.L. informs the USERS of the website https:\/\/www.humanitastorrejon.com\/ of the uses to which&hellip;\" \/>\n<meta property=\"og:url\" content=\"https:\/\/www.humanitastorrejon.com\/en\/privacy-policy\/\" \/>\n<meta property=\"og:site_name\" content=\"Humanitas Bilingual School Torrej\u00f3n\" \/>\n<meta property=\"article:modified_time\" content=\"2024-01-15T14:08:05+00:00\" \/>\n<meta name=\"twitter:card\" content=\"summary_large_image\" \/>\n<meta name=\"twitter:label1\" content=\"Est. reading time\" \/>\n\t<meta name=\"twitter:data1\" content=\"4 minutes\" \/>\n<script type=\"application\/ld+json\" class=\"yoast-schema-graph\">{\"@context\":\"https:\\\/\\\/schema.org\",\"@graph\":[{\"@type\":\"WebPage\",\"@id\":\"https:\\\/\\\/www.humanitastorrejon.com\\\/en\\\/privacy-policy\\\/\",\"url\":\"https:\\\/\\\/www.humanitastorrejon.com\\\/en\\\/privacy-policy\\\/\",\"name\":\"Privacy Policy - Humanitas Bilingual School Torrej\u00f3n\",\"isPartOf\":{\"@id\":\"https:\\\/\\\/www.humanitastorrejon.com\\\/#website\"},\"datePublished\":\"2023-02-20T12:47:36+00:00\",\"dateModified\":\"2024-01-15T14:08:05+00:00\",\"inLanguage\":\"en-US\",\"potentialAction\":[{\"@type\":\"ReadAction\",\"target\":[\"https:\\\/\\\/www.humanitastorrejon.com\\\/en\\\/privacy-policy\\\/\"]}]},{\"@type\":\"WebSite\",\"@id\":\"https:\\\/\\\/www.humanitastorrejon.com\\\/#website\",\"url\":\"https:\\\/\\\/www.humanitastorrejon.com\\\/\",\"name\":\"Humanitas Bilingual School Torrej\u00f3n\",\"description\":\"Colegio concertado biling\u00fce en Torrej\u00f3n de Ardoz de 2 a 18 a\u00f1os\",\"potentialAction\":[{\"@type\":\"SearchAction\",\"target\":{\"@type\":\"EntryPoint\",\"urlTemplate\":\"https:\\\/\\\/www.humanitastorrejon.com\\\/?s={search_term_string}\"},\"query-input\":{\"@type\":\"PropertyValueSpecification\",\"valueRequired\":true,\"valueName\":\"search_term_string\"}}],\"inLanguage\":\"en-US\"}]}<\/script>\n<!-- \/ Yoast SEO plugin. -->","yoast_head_json":{"title":"Privacy Policy - Humanitas Bilingual School Torrej\u00f3n","robots":{"index":"index","follow":"follow","max-snippet":"max-snippet:-1","max-image-preview":"max-image-preview:large","max-video-preview":"max-video-preview:-1"},"canonical":"https:\/\/www.humanitastorrejon.com\/en\/privacy-policy\/","og_locale":"en_US","og_type":"article","og_title":"Privacy Policy - Humanitas Bilingual School Torrej\u00f3n","og_description":"Privacy Policy COLEGIO HUMANITAS BILINGUAL SCHOOL TORREJ\u00d3N DE ARDOZ, S.L. is especially sensitive to the protection of personal data of the users of the website services By means of this privacy policy (hereinafter, the Policy), COLEGIO HUMANITAS BILINGUAL SCHOOL TORREJ\u00d3N DE ARDOZ, S.L. informs the USERS of the website https:\/\/www.humanitastorrejon.com\/ of the uses to which&hellip;","og_url":"https:\/\/www.humanitastorrejon.com\/en\/privacy-policy\/","og_site_name":"Humanitas Bilingual School Torrej\u00f3n","article_modified_time":"2024-01-15T14:08:05+00:00","twitter_card":"summary_large_image","twitter_misc":{"Est. reading time":"4 minutes"},"schema":{"@context":"https:\/\/schema.org","@graph":[{"@type":"WebPage","@id":"https:\/\/www.humanitastorrejon.com\/en\/privacy-policy\/","url":"https:\/\/www.humanitastorrejon.com\/en\/privacy-policy\/","name":"Privacy Policy - Humanitas Bilingual School Torrej\u00f3n","isPartOf":{"@id":"https:\/\/www.humanitastorrejon.com\/#website"},"datePublished":"2023-02-20T12:47:36+00:00","dateModified":"2024-01-15T14:08:05+00:00","inLanguage":"en-US","potentialAction":[{"@type":"ReadAction","target":["https:\/\/www.humanitastorrejon.com\/en\/privacy-policy\/"]}]},{"@type":"WebSite","@id":"https:\/\/www.humanitastorrejon.com\/#website","url":"https:\/\/www.humanitastorrejon.com\/","name":"Humanitas Bilingual School Torrej\u00f3n","description":"Colegio concertado biling\u00fce en Torrej\u00f3n de Ardoz de 2 a 18 a\u00f1os","potentialAction":[{"@type":"SearchAction","target":{"@type":"EntryPoint","urlTemplate":"https:\/\/www.humanitastorrejon.com\/?s={search_term_string}"},"query-input":{"@type":"PropertyValueSpecification","valueRequired":true,"valueName":"search_term_string"}}],"inLanguage":"en-US"}]}},"_links":{"self":[{"href":"https:\/\/www.humanitastorrejon.com\/en\/wp-json\/wp\/v2\/pages\/7469","targetHints":{"allow":["GET"]}}],"collection":[{"href":"https:\/\/www.humanitastorrejon.com\/en\/wp-json\/wp\/v2\/pages"}],"about":[{"href":"https:\/\/www.humanitastorrejon.com\/en\/wp-json\/wp\/v2\/types\/page"}],"author":[{"embeddable":true,"href":"https:\/\/www.humanitastorrejon.com\/en\/wp-json\/wp\/v2\/users\/2"}],"replies":[{"embeddable":true,"href":"https:\/\/www.humanitastorrejon.com\/en\/wp-json\/wp\/v2\/comments?post=7469"}],"version-history":[{"count":2,"href":"https:\/\/www.humanitastorrejon.com\/en\/wp-json\/wp\/v2\/pages\/7469\/revisions"}],"predecessor-version":[{"id":9192,"href":"https:\/\/www.humanitastorrejon.com\/en\/wp-json\/wp\/v2\/pages\/7469\/revisions\/9192"}],"wp:attachment":[{"href":"https:\/\/www.humanitastorrejon.com\/en\/wp-json\/wp\/v2\/media?parent=7469"}],"curies":[{"name":"wp","href":"https:\/\/api.w.org\/{rel}","templated":true}]}}