{"id":7449,"date":"2023-02-20T08:09:01","date_gmt":"2023-02-20T08:09:01","guid":{"rendered":"https:\/\/www.humanitastorrejon.com\/dining-room\/"},"modified":"2024-01-15T14:09:51","modified_gmt":"2024-01-15T14:09:51","slug":"dining-room","status":"publish","type":"page","link":"https:\/\/www.humanitastorrejon.com\/en\/complementary-services\/dining-room\/","title":{"rendered":"Dining room"},"content":{"rendered":"\t\t<div data-elementor-type=\"wp-page\" data-elementor-id=\"7449\" class=\"elementor elementor-7449 elementor-3503\">\n\t\t\t\t\t\t<section data-particle_enable=\"false\" data-particle-mobile-disabled=\"false\" class=\"elementor-section elementor-top-section elementor-element elementor-element-6f631719 elementor-section-content-middle proyectos elementor-section-boxed elementor-section-height-default elementor-section-height-default\" data-id=\"6f631719\" data-element_type=\"section\" data-e-type=\"section\" id=\"proyectos\" data-settings=\"{&quot;background_background&quot;:&quot;classic&quot;}\">\n\t\t\t\t\t\t<div class=\"elementor-container elementor-column-gap-no\">\n\t\t\t\t\t<div class=\"elementor-column elementor-col-100 elementor-top-column elementor-element elementor-element-710dc74c\" data-id=\"710dc74c\" data-element_type=\"column\" data-e-type=\"column\">\n\t\t\t<div class=\"elementor-widget-wrap elementor-element-populated\">\n\t\t\t\t\t\t<div class=\"elementor-element elementor-element-55b861f5 animated-slow elementor-invisible elementor-widget elementor-widget-heading\" data-id=\"55b861f5\" data-element_type=\"widget\" data-e-type=\"widget\" data-settings=\"{&quot;_animation&quot;:&quot;fadeInUp&quot;,&quot;_animation_delay&quot;:100}\" data-widget_type=\"heading.default\">\n\t\t\t\t<div class=\"elementor-widget-container\">\n\t\t\t\t\t<h1 class=\"elementor-heading-title elementor-size-default\">Dining room<\/h1>\t\t\t\t<\/div>\n\t\t\t\t<\/div>\n\t\t\t\t\t<\/div>\n\t\t<\/div>\n\t\t\t\t\t<\/div>\n\t\t<\/section>\n\t\t\t\t<section data-particle_enable=\"false\" data-particle-mobile-disabled=\"false\" class=\"elementor-section elementor-top-section elementor-element elementor-element-61fbf514 elementor-section-boxed elementor-section-height-default elementor-section-height-default\" data-id=\"61fbf514\" data-element_type=\"section\" data-e-type=\"section\" data-settings=\"{&quot;background_background&quot;:&quot;classic&quot;}\">\n\t\t\t\t\t\t<div class=\"elementor-container elementor-column-gap-no\">\n\t\t\t\t\t<div class=\"elementor-column elementor-col-50 elementor-top-column elementor-element elementor-element-713a4fa\" data-id=\"713a4fa\" data-element_type=\"column\" data-e-type=\"column\">\n\t\t\t<div class=\"elementor-widget-wrap elementor-element-populated\">\n\t\t\t\t\t\t<div class=\"elementor-element elementor-element-8a88564 elementor-widget elementor-widget-spacer\" data-id=\"8a88564\" data-element_type=\"widget\" data-e-type=\"widget\" data-widget_type=\"spacer.default\">\n\t\t\t\t<div class=\"elementor-widget-container\">\n\t\t\t\t\t\t\t<div class=\"elementor-spacer\">\n\t\t\t<div class=\"elementor-spacer-inner\"><\/div>\n\t\t<\/div>\n\t\t\t\t\t\t<\/div>\n\t\t\t\t<\/div>\n\t\t\t\t<div class=\"elementor-element elementor-element-324cc99 elementor-widget elementor-widget-text-editor\" data-id=\"324cc99\" data-element_type=\"widget\" data-e-type=\"widget\" data-widget_type=\"text-editor.default\">\n\t\t\t\t<div class=\"elementor-widget-container\">\n\t\t\t\t\t\t\t\t\t<p style=\"text-align: justify;\">The school offers this service including a balanced and healthy diet.<\/p>\n<ul>\n<li style=\"text-align: justify;\"><strong>We have our own kitchen and in-house professionals.<\/strong><\/li>\n<li>Expert nutritionists assist while creating our menus, which are evaluated by the canteen service of the Health Council of CAM.<\/li>\n<li>Suppliers are meticulously selected and asked to provide the highest quality products.<\/li>\n<li>Our menus are healthy and balanced.<\/li>\n<li>The entire activity complies with all hygienic and sanitary regulations under the HACCP self-control system. It is audited monthly by external food safety companies and also inspected by the health authorities.<\/li>\n<li><span style=\"color: #4e6a5a;\"><span style=\"font-weight: bold;\">The teachers look after their students at all times.<\/span><\/span> The teachers look after their students at all times. The staff is attentive to the normal development of meal shifts and to the provision of a quality service, while taking care that the table manners are appropriate, since they are part of the education of our students.<\/li>\n<li>Different menus for people with food allergies supported by a medical statement are provided.<\/li>\n<li>Dinner menus are available for a complete daily diet.<\/li>\n<li>Afternoon snacks are provided to students up to 5 years of age.<\/li>\n<\/ul>\n\t\t\t\t\t\t\t\t<\/div>\n\t\t\t\t<\/div>\n\t\t\t\t<div class=\"elementor-element elementor-element-fa4b4a8 elementor-widget elementor-widget-spacer\" data-id=\"fa4b4a8\" data-element_type=\"widget\" data-e-type=\"widget\" data-widget_type=\"spacer.default\">\n\t\t\t\t<div class=\"elementor-widget-container\">\n\t\t\t\t\t\t\t<div class=\"elementor-spacer\">\n\t\t\t<div class=\"elementor-spacer-inner\"><\/div>\n\t\t<\/div>\n\t\t\t\t\t\t<\/div>\n\t\t\t\t<\/div>\n\t\t\t\t\t<\/div>\n\t\t<\/div>\n\t\t\t\t<div class=\"elementor-column elementor-col-50 elementor-top-column elementor-element elementor-element-217af5bb\" data-id=\"217af5bb\" data-element_type=\"column\" data-e-type=\"column\">\n\t\t\t<div class=\"elementor-widget-wrap elementor-element-populated\">\n\t\t\t\t\t\t<div class=\"elementor-element elementor-element-3c050fa elementor-widget elementor-widget-spacer\" data-id=\"3c050fa\" data-element_type=\"widget\" data-e-type=\"widget\" data-widget_type=\"spacer.default\">\n\t\t\t\t<div class=\"elementor-widget-container\">\n\t\t\t\t\t\t\t<div class=\"elementor-spacer\">\n\t\t\t<div class=\"elementor-spacer-inner\"><\/div>\n\t\t<\/div>\n\t\t\t\t\t\t<\/div>\n\t\t\t\t<\/div>\n\t\t\t\t<div class=\"elementor-element elementor-element-d75e7e7 elementor-widget elementor-widget-image\" data-id=\"d75e7e7\" data-element_type=\"widget\" data-e-type=\"widget\" data-widget_type=\"image.default\">\n\t\t\t\t<div class=\"elementor-widget-container\">\n\t\t\t\t\t\t\t\t\t\t\t\t\t\t\t<img fetchpriority=\"high\" decoding=\"async\" width=\"830\" height=\"770\" src=\"https:\/\/www.humanitastorrejon.com\/wp-content\/uploads\/2022\/06\/HBSTJ_Comedor.png\" class=\"attachment-large size-large wp-image-5395\" alt=\"HBSTJ Comedor\" srcset=\"https:\/\/www.humanitastorrejon.com\/wp-content\/uploads\/2022\/06\/HBSTJ_Comedor.png 830w, https:\/\/www.humanitastorrejon.com\/wp-content\/uploads\/2022\/06\/HBSTJ_Comedor-300x278.png 300w, https:\/\/www.humanitastorrejon.com\/wp-content\/uploads\/2022\/06\/HBSTJ_Comedor-768x712.png 768w\" sizes=\"(max-width: 830px) 100vw, 830px\" \/>\t\t\t\t\t\t\t\t\t\t\t\t\t\t\t<\/div>\n\t\t\t\t<\/div>\n\t\t\t\t<div class=\"elementor-element elementor-element-eef32d8 elementor-widget elementor-widget-spacer\" data-id=\"eef32d8\" data-element_type=\"widget\" data-e-type=\"widget\" data-widget_type=\"spacer.default\">\n\t\t\t\t<div class=\"elementor-widget-container\">\n\t\t\t\t\t\t\t<div class=\"elementor-spacer\">\n\t\t\t<div class=\"elementor-spacer-inner\"><\/div>\n\t\t<\/div>\n\t\t\t\t\t\t<\/div>\n\t\t\t\t<\/div>\n\t\t\t\t\t<\/div>\n\t\t<\/div>\n\t\t\t\t\t<\/div>\n\t\t<\/section>\n\t\t\t\t<section data-particle_enable=\"false\" data-particle-mobile-disabled=\"false\" class=\"elementor-section elementor-top-section elementor-element elementor-element-30e6bfa5 elementor-section-content-middle elementor-section-height-min-height elementor-section-boxed elementor-section-height-default elementor-section-items-middle\" data-id=\"30e6bfa5\" data-element_type=\"section\" data-e-type=\"section\" data-settings=\"{&quot;background_background&quot;:&quot;slideshow&quot;,&quot;background_slideshow_gallery&quot;:[{&quot;id&quot;:5212,&quot;url&quot;:&quot;https:\\\/\\\/www.humanitastorrejon.com\\\/wp-content\\\/uploads\\\/2022\\\/06\\\/HumanitasTorrejon-56_VenConocernos1_v2-scaled.jpg&quot;}],&quot;background_slideshow_loop&quot;:&quot;yes&quot;,&quot;background_slideshow_slide_duration&quot;:5000,&quot;background_slideshow_slide_transition&quot;:&quot;fade&quot;,&quot;background_slideshow_transition_duration&quot;:500}\">\n\t\t\t\t\t\t\t<div class=\"elementor-background-overlay\"><\/div>\n\t\t\t\t\t\t\t<div class=\"elementor-container elementor-column-gap-default\">\n\t\t\t\t\t<div class=\"elementor-column elementor-col-100 elementor-top-column elementor-element elementor-element-6cf53b0\" data-id=\"6cf53b0\" data-element_type=\"column\" data-e-type=\"column\">\n\t\t\t<div class=\"elementor-widget-wrap elementor-element-populated\">\n\t\t\t\t\t\t<div class=\"elementor-element elementor-element-79b632d8 elementor-widget elementor-widget-heading\" data-id=\"79b632d8\" data-element_type=\"widget\" data-e-type=\"widget\" data-widget_type=\"heading.default\">\n\t\t\t\t<div class=\"elementor-widget-container\">\n\t\t\t\t\t<h4 class=\"elementor-heading-title elementor-size-default\">Come and meet us<\/h4>\t\t\t\t<\/div>\n\t\t\t\t<\/div>\n\t\t\t\t<div class=\"elementor-element elementor-element-270c2479 elementor-widget elementor-widget-text-editor\" data-id=\"270c2479\" data-element_type=\"widget\" data-e-type=\"widget\" data-widget_type=\"text-editor.default\">\n\t\t\t\t<div class=\"elementor-widget-container\">\n\t\t\t\t\t\t\t\t\t<p>Discover our educational project from the hand of our teaching staff.<\/p>\n\t\t\t\t\t\t\t\t<\/div>\n\t\t\t\t<\/div>\n\t\t\t\t<div class=\"elementor-element elementor-element-6bc74fb2 elementor-align-center elementor-widget elementor-widget-button\" data-id=\"6bc74fb2\" data-element_type=\"widget\" data-e-type=\"widget\" data-settings=\"{&quot;_animation&quot;:&quot;none&quot;}\" data-widget_type=\"button.default\">\n\t\t\t\t<div class=\"elementor-widget-container\">\n\t\t\t\t\t\t\t\t\t<div class=\"elementor-button-wrapper\">\n\t\t\t\t\t<a class=\"elementor-button elementor-button-link elementor-size-md elementor-animation-grow\" href=\"https:\/\/www.humanitastorrejon.com\/en\/about-us\/\">\n\t\t\t\t\t\t<span class=\"elementor-button-content-wrapper\">\n\t\t\t\t\t\t<span class=\"elementor-button-icon\">\n\t\t\t\t<i aria-hidden=\"true\" class=\"fas fa-angle-right\"><\/i>\t\t\t<\/span>\n\t\t\t\t\t\t\t\t\t<span class=\"elementor-button-text\">Arrange Interview<\/span>\n\t\t\t\t\t<\/span>\n\t\t\t\t\t<\/a>\n\t\t\t\t<\/div>\n\t\t\t\t\t\t\t\t<\/div>\n\t\t\t\t<\/div>\n\t\t\t\t\t<\/div>\n\t\t<\/div>\n\t\t\t\t\t<\/div>\n\t\t<\/section>\n\t\t\t\t<\/div>\n\t\t","protected":false},"excerpt":{"rendered":"<p>Dining room The school offers this service including a balanced and healthy diet. We have our own kitchen and in-house professionals. Expert nutritionists assist while creating our menus, which are evaluated by the canteen service of the Health Council of CAM. Suppliers are meticulously selected and asked to provide the highest quality products. Our menus&hellip;<\/p>\n","protected":false},"author":2,"featured_media":0,"parent":7586,"menu_order":0,"comment_status":"closed","ping_status":"closed","template":"elementor_header_footer","meta":{"_eb_attr":"","footnotes":""},"class_list":["post-7449","page","type-page","status-publish","hentry"],"yoast_head":"<!-- This site is optimized with the Yoast SEO plugin v27.4 - https:\/\/yoast.com\/product\/yoast-seo-wordpress\/ -->\n<title>Dining room - Humanitas Bilingual School Torrej\u00f3n<\/title>\n<meta name=\"robots\" content=\"index, follow, max-snippet:-1, max-image-preview:large, max-video-preview:-1\" \/>\n<link rel=\"canonical\" href=\"https:\/\/www.humanitastorrejon.com\/en\/complementary-services\/dining-room\/\" \/>\n<meta property=\"og:locale\" content=\"en_US\" \/>\n<meta property=\"og:type\" content=\"article\" \/>\n<meta property=\"og:title\" content=\"Dining room - Humanitas Bilingual School Torrej\u00f3n\" \/>\n<meta property=\"og:description\" content=\"Dining room The school offers this service including a balanced and healthy diet. We have our own kitchen and in-house professionals. Expert nutritionists assist while creating our menus, which are evaluated by the canteen service of the Health Council of CAM. Suppliers are meticulously selected and asked to provide the highest quality products. Our menus&hellip;\" \/>\n<meta property=\"og:url\" content=\"https:\/\/www.humanitastorrejon.com\/en\/complementary-services\/dining-room\/\" \/>\n<meta property=\"og:site_name\" content=\"Humanitas Bilingual School Torrej\u00f3n\" \/>\n<meta property=\"article:modified_time\" content=\"2024-01-15T14:09:51+00:00\" \/>\n<meta property=\"og:image\" content=\"https:\/\/www.humanitastorrejon.com\/wp-content\/uploads\/2022\/06\/HBSTJ_Comedor.png\" \/>\n<meta name=\"twitter:card\" content=\"summary_large_image\" \/>\n<meta name=\"twitter:label1\" content=\"Est. reading time\" \/>\n\t<meta name=\"twitter:data1\" content=\"1 minute\" \/>\n<script type=\"application\/ld+json\" class=\"yoast-schema-graph\">{\"@context\":\"https:\\\/\\\/schema.org\",\"@graph\":[{\"@type\":\"WebPage\",\"@id\":\"https:\\\/\\\/www.humanitastorrejon.com\\\/en\\\/complementary-services\\\/dining-room\\\/\",\"url\":\"https:\\\/\\\/www.humanitastorrejon.com\\\/en\\\/complementary-services\\\/dining-room\\\/\",\"name\":\"Dining room - Humanitas Bilingual School Torrej\u00f3n\",\"isPartOf\":{\"@id\":\"https:\\\/\\\/www.humanitastorrejon.com\\\/#website\"},\"primaryImageOfPage\":{\"@id\":\"https:\\\/\\\/www.humanitastorrejon.com\\\/en\\\/complementary-services\\\/dining-room\\\/#primaryimage\"},\"image\":{\"@id\":\"https:\\\/\\\/www.humanitastorrejon.com\\\/en\\\/complementary-services\\\/dining-room\\\/#primaryimage\"},\"thumbnailUrl\":\"https:\\\/\\\/www.humanitastorrejon.com\\\/wp-content\\\/uploads\\\/2022\\\/06\\\/HBSTJ_Comedor.png\",\"datePublished\":\"2023-02-20T08:09:01+00:00\",\"dateModified\":\"2024-01-15T14:09:51+00:00\",\"breadcrumb\":{\"@id\":\"https:\\\/\\\/www.humanitastorrejon.com\\\/en\\\/complementary-services\\\/dining-room\\\/#breadcrumb\"},\"inLanguage\":\"en-US\",\"potentialAction\":[{\"@type\":\"ReadAction\",\"target\":[\"https:\\\/\\\/www.humanitastorrejon.com\\\/en\\\/complementary-services\\\/dining-room\\\/\"]}]},{\"@type\":\"ImageObject\",\"inLanguage\":\"en-US\",\"@id\":\"https:\\\/\\\/www.humanitastorrejon.com\\\/en\\\/complementary-services\\\/dining-room\\\/#primaryimage\",\"url\":\"https:\\\/\\\/www.humanitastorrejon.com\\\/wp-content\\\/uploads\\\/2022\\\/06\\\/HBSTJ_Comedor.png\",\"contentUrl\":\"https:\\\/\\\/www.humanitastorrejon.com\\\/wp-content\\\/uploads\\\/2022\\\/06\\\/HBSTJ_Comedor.png\"},{\"@type\":\"BreadcrumbList\",\"@id\":\"https:\\\/\\\/www.humanitastorrejon.com\\\/en\\\/complementary-services\\\/dining-room\\\/#breadcrumb\",\"itemListElement\":[{\"@type\":\"ListItem\",\"position\":1,\"name\":\"Complementary Services\",\"item\":\"https:\\\/\\\/www.humanitastorrejon.com\\\/en\\\/complementary-services\\\/\"},{\"@type\":\"ListItem\",\"position\":2,\"name\":\"Dining room\"}]},{\"@type\":\"WebSite\",\"@id\":\"https:\\\/\\\/www.humanitastorrejon.com\\\/#website\",\"url\":\"https:\\\/\\\/www.humanitastorrejon.com\\\/\",\"name\":\"Humanitas Bilingual School Torrej\u00f3n\",\"description\":\"Colegio concertado biling\u00fce en Torrej\u00f3n de Ardoz de 2 a 18 a\u00f1os\",\"potentialAction\":[{\"@type\":\"SearchAction\",\"target\":{\"@type\":\"EntryPoint\",\"urlTemplate\":\"https:\\\/\\\/www.humanitastorrejon.com\\\/?s={search_term_string}\"},\"query-input\":{\"@type\":\"PropertyValueSpecification\",\"valueRequired\":true,\"valueName\":\"search_term_string\"}}],\"inLanguage\":\"en-US\"}]}<\/script>\n<!-- \/ Yoast SEO plugin. -->","yoast_head_json":{"title":"Dining room - Humanitas Bilingual School Torrej\u00f3n","robots":{"index":"index","follow":"follow","max-snippet":"max-snippet:-1","max-image-preview":"max-image-preview:large","max-video-preview":"max-video-preview:-1"},"canonical":"https:\/\/www.humanitastorrejon.com\/en\/complementary-services\/dining-room\/","og_locale":"en_US","og_type":"article","og_title":"Dining room - Humanitas Bilingual School Torrej\u00f3n","og_description":"Dining room The school offers this service including a balanced and healthy diet. We have our own kitchen and in-house professionals. Expert nutritionists assist while creating our menus, which are evaluated by the canteen service of the Health Council of CAM. Suppliers are meticulously selected and asked to provide the highest quality products. Our menus&hellip;","og_url":"https:\/\/www.humanitastorrejon.com\/en\/complementary-services\/dining-room\/","og_site_name":"Humanitas Bilingual School Torrej\u00f3n","article_modified_time":"2024-01-15T14:09:51+00:00","og_image":[{"url":"https:\/\/www.humanitastorrejon.com\/wp-content\/uploads\/2022\/06\/HBSTJ_Comedor.png","type":"","width":"","height":""}],"twitter_card":"summary_large_image","twitter_misc":{"Est. reading time":"1 minute"},"schema":{"@context":"https:\/\/schema.org","@graph":[{"@type":"WebPage","@id":"https:\/\/www.humanitastorrejon.com\/en\/complementary-services\/dining-room\/","url":"https:\/\/www.humanitastorrejon.com\/en\/complementary-services\/dining-room\/","name":"Dining room - Humanitas Bilingual School Torrej\u00f3n","isPartOf":{"@id":"https:\/\/www.humanitastorrejon.com\/#website"},"primaryImageOfPage":{"@id":"https:\/\/www.humanitastorrejon.com\/en\/complementary-services\/dining-room\/#primaryimage"},"image":{"@id":"https:\/\/www.humanitastorrejon.com\/en\/complementary-services\/dining-room\/#primaryimage"},"thumbnailUrl":"https:\/\/www.humanitastorrejon.com\/wp-content\/uploads\/2022\/06\/HBSTJ_Comedor.png","datePublished":"2023-02-20T08:09:01+00:00","dateModified":"2024-01-15T14:09:51+00:00","breadcrumb":{"@id":"https:\/\/www.humanitastorrejon.com\/en\/complementary-services\/dining-room\/#breadcrumb"},"inLanguage":"en-US","potentialAction":[{"@type":"ReadAction","target":["https:\/\/www.humanitastorrejon.com\/en\/complementary-services\/dining-room\/"]}]},{"@type":"ImageObject","inLanguage":"en-US","@id":"https:\/\/www.humanitastorrejon.com\/en\/complementary-services\/dining-room\/#primaryimage","url":"https:\/\/www.humanitastorrejon.com\/wp-content\/uploads\/2022\/06\/HBSTJ_Comedor.png","contentUrl":"https:\/\/www.humanitastorrejon.com\/wp-content\/uploads\/2022\/06\/HBSTJ_Comedor.png"},{"@type":"BreadcrumbList","@id":"https:\/\/www.humanitastorrejon.com\/en\/complementary-services\/dining-room\/#breadcrumb","itemListElement":[{"@type":"ListItem","position":1,"name":"Complementary Services","item":"https:\/\/www.humanitastorrejon.com\/en\/complementary-services\/"},{"@type":"ListItem","position":2,"name":"Dining room"}]},{"@type":"WebSite","@id":"https:\/\/www.humanitastorrejon.com\/#website","url":"https:\/\/www.humanitastorrejon.com\/","name":"Humanitas Bilingual School Torrej\u00f3n","description":"Colegio concertado biling\u00fce en Torrej\u00f3n de Ardoz de 2 a 18 a\u00f1os","potentialAction":[{"@type":"SearchAction","target":{"@type":"EntryPoint","urlTemplate":"https:\/\/www.humanitastorrejon.com\/?s={search_term_string}"},"query-input":{"@type":"PropertyValueSpecification","valueRequired":true,"valueName":"search_term_string"}}],"inLanguage":"en-US"}]}},"_links":{"self":[{"href":"https:\/\/www.humanitastorrejon.com\/en\/wp-json\/wp\/v2\/pages\/7449","targetHints":{"allow":["GET"]}}],"collection":[{"href":"https:\/\/www.humanitastorrejon.com\/en\/wp-json\/wp\/v2\/pages"}],"about":[{"href":"https:\/\/www.humanitastorrejon.com\/en\/wp-json\/wp\/v2\/types\/page"}],"author":[{"embeddable":true,"href":"https:\/\/www.humanitastorrejon.com\/en\/wp-json\/wp\/v2\/users\/2"}],"replies":[{"embeddable":true,"href":"https:\/\/www.humanitastorrejon.com\/en\/wp-json\/wp\/v2\/comments?post=7449"}],"version-history":[{"count":2,"href":"https:\/\/www.humanitastorrejon.com\/en\/wp-json\/wp\/v2\/pages\/7449\/revisions"}],"predecessor-version":[{"id":9196,"href":"https:\/\/www.humanitastorrejon.com\/en\/wp-json\/wp\/v2\/pages\/7449\/revisions\/9196"}],"up":[{"embeddable":true,"href":"https:\/\/www.humanitastorrejon.com\/en\/wp-json\/wp\/v2\/pages\/7586"}],"wp:attachment":[{"href":"https:\/\/www.humanitastorrejon.com\/en\/wp-json\/wp\/v2\/media?parent=7449"}],"curies":[{"name":"wp","href":"https:\/\/api.w.org\/{rel}","templated":true}]}}