{"id":14027,"date":"2025-07-08T11:25:56","date_gmt":"2025-07-08T11:25:56","guid":{"rendered":"https:\/\/www.humanitastorrejon.com\/family-access\/uniformity\/"},"modified":"2025-07-08T11:25:58","modified_gmt":"2025-07-08T11:25:58","slug":"uniformity","status":"publish","type":"page","link":"https:\/\/www.humanitastorrejon.com\/en\/family-access\/uniformity\/","title":{"rendered":"Uniformity"},"content":{"rendered":"\t\t<div data-elementor-type=\"wp-page\" data-elementor-id=\"14027\" class=\"elementor elementor-14027 elementor-6410\">\n\t\t\t\t\t\t<section data-particle_enable=\"false\" data-particle-mobile-disabled=\"false\" class=\"elementor-section elementor-top-section elementor-element elementor-element-614d376b elementor-section-content-middle proyectos elementor-section-boxed elementor-section-height-default elementor-section-height-default\" data-id=\"614d376b\" data-element_type=\"section\" data-e-type=\"section\" id=\"proyectos\" data-settings=\"{&quot;background_background&quot;:&quot;classic&quot;}\">\n\t\t\t\t\t\t<div class=\"elementor-container elementor-column-gap-no\">\n\t\t\t\t\t<div class=\"elementor-column elementor-col-100 elementor-top-column elementor-element elementor-element-24ec3d17\" data-id=\"24ec3d17\" data-element_type=\"column\" data-e-type=\"column\">\n\t\t\t<div class=\"elementor-widget-wrap elementor-element-populated\">\n\t\t\t\t\t\t<div class=\"elementor-element elementor-element-46063a26 animated-slow elementor-invisible elementor-widget elementor-widget-heading\" data-id=\"46063a26\" data-element_type=\"widget\" data-e-type=\"widget\" data-settings=\"{&quot;_animation&quot;:&quot;fadeInUp&quot;,&quot;_animation_delay&quot;:100}\" data-widget_type=\"heading.default\">\n\t\t\t\t<div class=\"elementor-widget-container\">\n\t\t\t\t\t<h1 class=\"elementor-heading-title elementor-size-default\">Uniformity<\/h1>\t\t\t\t<\/div>\n\t\t\t\t<\/div>\n\t\t\t\t\t<\/div>\n\t\t<\/div>\n\t\t\t\t\t<\/div>\n\t\t<\/section>\n\t\t\t\t<section data-particle_enable=\"false\" data-particle-mobile-disabled=\"false\" class=\"elementor-section elementor-top-section elementor-element elementor-element-9d43a89 elementor-section-content-middle elementor-section-boxed elementor-section-height-default elementor-section-height-default\" data-id=\"9d43a89\" data-element_type=\"section\" data-e-type=\"section\">\n\t\t\t\t\t\t<div class=\"elementor-container elementor-column-gap-no\">\n\t\t\t\t\t<div class=\"elementor-column elementor-col-50 elementor-top-column elementor-element elementor-element-41a3187e\" data-id=\"41a3187e\" data-element_type=\"column\" data-e-type=\"column\">\n\t\t\t<div class=\"elementor-widget-wrap elementor-element-populated\">\n\t\t\t\t\t\t<div class=\"elementor-element elementor-element-78fe09a elementor-widget elementor-widget-spacer\" data-id=\"78fe09a\" data-element_type=\"widget\" data-e-type=\"widget\" data-widget_type=\"spacer.default\">\n\t\t\t\t<div class=\"elementor-widget-container\">\n\t\t\t\t\t\t\t<div class=\"elementor-spacer\">\n\t\t\t<div class=\"elementor-spacer-inner\"><\/div>\n\t\t<\/div>\n\t\t\t\t\t\t<\/div>\n\t\t\t\t<\/div>\n\t\t\t\t<section data-particle_enable=\"false\" data-particle-mobile-disabled=\"false\" class=\"elementor-section elementor-inner-section elementor-element elementor-element-1e3f20b4 elementor-section-full_width elementor-section-content-middle elementor-section-height-default elementor-section-height-default\" data-id=\"1e3f20b4\" data-element_type=\"section\" data-e-type=\"section\">\n\t\t\t\t\t\t<div class=\"elementor-container elementor-column-gap-no\">\n\t\t\t\t\t<div class=\"elementor-column elementor-col-100 elementor-inner-column elementor-element elementor-element-3d6dd8d\" data-id=\"3d6dd8d\" data-element_type=\"column\" data-e-type=\"column\">\n\t\t\t<div class=\"elementor-widget-wrap elementor-element-populated\">\n\t\t\t\t\t\t<div class=\"elementor-element elementor-element-3589c23 elementor-align-left elementor-widget elementor-widget-button\" data-id=\"3589c23\" data-element_type=\"widget\" data-e-type=\"widget\" data-widget_type=\"button.default\">\n\t\t\t\t<div class=\"elementor-widget-container\">\n\t\t\t\t\t\t\t\t\t<div class=\"elementor-button-wrapper\">\n\t\t\t\t\t<a class=\"elementor-button elementor-button-link elementor-size-sm elementor-animation-push\" href=\"https:\/\/www.humanitastorrejon.com\/wp-content\/uploads\/2025\/07\/HBSTA_-Precios-uniformidad-Web_-2526.pdf\">\n\t\t\t\t\t\t<span class=\"elementor-button-content-wrapper\">\n\t\t\t\t\t\t\t\t\t<span class=\"elementor-button-text\">Price List<\/span>\n\t\t\t\t\t<\/span>\n\t\t\t\t\t<\/a>\n\t\t\t\t<\/div>\n\t\t\t\t\t\t\t\t<\/div>\n\t\t\t\t<\/div>\n\t\t\t\t<div class=\"elementor-element elementor-element-89b8008 elementor-align-left elementor-widget elementor-widget-button\" data-id=\"89b8008\" data-element_type=\"widget\" data-e-type=\"widget\" data-widget_type=\"button.default\">\n\t\t\t\t<div class=\"elementor-widget-container\">\n\t\t\t\t\t\t\t\t\t<div class=\"elementor-button-wrapper\">\n\t\t\t\t\t<a class=\"elementor-button elementor-button-link elementor-size-sm elementor-animation-push\" href=\"https:\/\/www.humanitastorrejon.com\/wp-content\/uploads\/2025\/07\/HOJA-AUTOCOPIATIVO-INFANTIL-TORREJON-25-26.pdf\">\n\t\t\t\t\t\t<span class=\"elementor-button-content-wrapper\">\n\t\t\t\t\t\t\t\t\t<span class=\"elementor-button-text\">General Delivery Note<\/span>\n\t\t\t\t\t<\/span>\n\t\t\t\t\t<\/a>\n\t\t\t\t<\/div>\n\t\t\t\t\t\t\t\t<\/div>\n\t\t\t\t<\/div>\n\t\t\t\t<div class=\"elementor-element elementor-element-29eceda elementor-align-left elementor-widget elementor-widget-button\" data-id=\"29eceda\" data-element_type=\"widget\" data-e-type=\"widget\" data-widget_type=\"button.default\">\n\t\t\t\t<div class=\"elementor-widget-container\">\n\t\t\t\t\t\t\t\t\t<div class=\"elementor-button-wrapper\">\n\t\t\t\t\t<a class=\"elementor-button elementor-button-link elementor-size-sm elementor-animation-push\" href=\"https:\/\/www.humanitastorrejon.com\/wp-content\/uploads\/2025\/07\/HOJA-AUTOCOPIATIVO-BACHILLERATO-TORREJON-25-26.pdf\">\n\t\t\t\t\t\t<span class=\"elementor-button-content-wrapper\">\n\t\t\t\t\t\t\t\t\t<span class=\"elementor-button-text\">Baccalaureate Delivery Note<\/span>\n\t\t\t\t\t<\/span>\n\t\t\t\t\t<\/a>\n\t\t\t\t<\/div>\n\t\t\t\t\t\t\t\t<\/div>\n\t\t\t\t<\/div>\n\t\t\t\t<div class=\"elementor-element elementor-element-916ee3f elementor-widget elementor-widget-spacer\" data-id=\"916ee3f\" data-element_type=\"widget\" data-e-type=\"widget\" data-widget_type=\"spacer.default\">\n\t\t\t\t<div class=\"elementor-widget-container\">\n\t\t\t\t\t\t\t<div class=\"elementor-spacer\">\n\t\t\t<div class=\"elementor-spacer-inner\"><\/div>\n\t\t<\/div>\n\t\t\t\t\t\t<\/div>\n\t\t\t\t<\/div>\n\t\t\t\t<div class=\"elementor-element elementor-element-d64aad1 elementor-widget elementor-widget-text-editor\" data-id=\"d64aad1\" data-element_type=\"widget\" data-e-type=\"widget\" data-widget_type=\"text-editor.default\">\n\t\t\t\t<div class=\"elementor-widget-container\">\n\t\t\t\t\t\t\t\t\t<div><div><div><div><div><div><div><div><div><p style=\"margin-bottom: 7.5pt; background-image: initial; background-position: initial; background-size: initial; background-repeat: initial; background-attachment: initial; background-origin: initial; background-clip: initial;\"><span style=\"font-size: 14.0pt; color: black;\">The uniform application shall be made in the following manner:<\/span><\/p><p><span style=\"font-size: 14.0pt;\">1.- Send an email to the following address <a href=\"mailto:uniformes@humanitastorrejon.com\">uniformes@humanitastorrejon.com<\/a> indicating <b>FULL NAME OF STUDENT, COURSE WITH LETTER and CLOTHING (quantity and size).<\/b><\/span><\/p><p><span style=\"font-size: 14.0pt;\">2.- The requested garments will be delivered to the students in class in a bag together with the purchase receipt.<\/span><\/p><p><span style=\"font-size: 14.0pt;\">3.- In the event that there is any incidence with the delivered garments and it is necessary to proceed to their exchange or return, three days of physical store opening are enabled: <b><u>TUESDAY, THURSDAY and FRIDAY from 17:15 to 18:30 h.<\/u><\/b>. Access through door 3 (main door). You must present the corresponding delivery note and the garment to be exchanged or returned in its original packaging.  <\/span><\/p><p style=\"background-image: initial; background-position: initial; background-size: initial; background-repeat: initial; background-attachment: initial; background-origin: initial; background-clip: initial;\"><span style=\"font-size: 14.0pt; color: black;\">For any questions related to uniforms you can send an email to the following address:  <\/span><span style=\"font-family: 'Arial',sans-serif; color: #85868c;\">  <\/span><\/p><p style=\"background-image: initial; background-position: initial; background-size: initial; background-repeat: initial; background-attachment: initial; background-origin: initial; background-clip: initial;\"><span style=\"color: black;\"><a href=\"mailto:uniformes@humanitastorrejon.com\"><span style=\"font-size: 14.0pt;\">uniformes@humanitastorrejon.com<\/span><\/a><\/span><\/p><\/div><\/div><\/div><\/div><\/div><\/div><\/div><\/div><\/div>\t\t\t\t\t\t\t\t<\/div>\n\t\t\t\t<\/div>\n\t\t\t\t\t<\/div>\n\t\t<\/div>\n\t\t\t\t\t<\/div>\n\t\t<\/section>\n\t\t\t\t\t<\/div>\n\t\t<\/div>\n\t\t\t\t<div class=\"elementor-column elementor-col-50 elementor-top-column elementor-element elementor-element-48fe448\" data-id=\"48fe448\" data-element_type=\"column\" data-e-type=\"column\">\n\t\t\t<div class=\"elementor-widget-wrap elementor-element-populated\">\n\t\t\t\t\t\t<div class=\"elementor-element elementor-element-c678046 elementor-widget elementor-widget-spacer\" data-id=\"c678046\" data-element_type=\"widget\" data-e-type=\"widget\" data-widget_type=\"spacer.default\">\n\t\t\t\t<div class=\"elementor-widget-container\">\n\t\t\t\t\t\t\t<div class=\"elementor-spacer\">\n\t\t\t<div class=\"elementor-spacer-inner\"><\/div>\n\t\t<\/div>\n\t\t\t\t\t\t<\/div>\n\t\t\t\t<\/div>\n\t\t\t\t<div class=\"elementor-element elementor-element-dc84222 elementor-widget elementor-widget-image\" data-id=\"dc84222\" data-element_type=\"widget\" data-e-type=\"widget\" data-widget_type=\"image.default\">\n\t\t\t\t<div class=\"elementor-widget-container\">\n\t\t\t\t\t\t\t\t\t\t\t\t\t\t\t<img fetchpriority=\"high\" decoding=\"async\" width=\"830\" height=\"770\" src=\"https:\/\/www.humanitastorrejon.com\/wp-content\/uploads\/2022\/10\/HBSTJ_Kangaroo-2.webp\" class=\"attachment-large size-large wp-image-6249\" alt=\"Kangaroo\" srcset=\"https:\/\/www.humanitastorrejon.com\/wp-content\/uploads\/2022\/10\/HBSTJ_Kangaroo-2.webp 830w, https:\/\/www.humanitastorrejon.com\/wp-content\/uploads\/2022\/10\/HBSTJ_Kangaroo-2-300x278.webp 300w, https:\/\/www.humanitastorrejon.com\/wp-content\/uploads\/2022\/10\/HBSTJ_Kangaroo-2-768x712.webp 768w\" sizes=\"(max-width: 830px) 100vw, 830px\" \/>\t\t\t\t\t\t\t\t\t\t\t\t\t\t\t<\/div>\n\t\t\t\t<\/div>\n\t\t\t\t<section data-particle_enable=\"false\" data-particle-mobile-disabled=\"false\" class=\"elementor-section elementor-inner-section elementor-element elementor-element-8ff2280 elementor-section-full_width elementor-section-content-middle elementor-section-height-default elementor-section-height-default\" data-id=\"8ff2280\" data-element_type=\"section\" data-e-type=\"section\">\n\t\t\t\t\t\t<div class=\"elementor-container elementor-column-gap-no\">\n\t\t\t\t\t<div class=\"elementor-column elementor-col-100 elementor-inner-column elementor-element elementor-element-5d0dbe2\" data-id=\"5d0dbe2\" data-element_type=\"column\" data-e-type=\"column\">\n\t\t\t<div class=\"elementor-widget-wrap elementor-element-populated\">\n\t\t\t\t\t\t<div class=\"elementor-element elementor-element-30971e1 elementor-widget elementor-widget-spacer\" data-id=\"30971e1\" data-element_type=\"widget\" data-e-type=\"widget\" data-widget_type=\"spacer.default\">\n\t\t\t\t<div class=\"elementor-widget-container\">\n\t\t\t\t\t\t\t<div class=\"elementor-spacer\">\n\t\t\t<div class=\"elementor-spacer-inner\"><\/div>\n\t\t<\/div>\n\t\t\t\t\t\t<\/div>\n\t\t\t\t<\/div>\n\t\t\t\t\t<\/div>\n\t\t<\/div>\n\t\t\t\t\t<\/div>\n\t\t<\/section>\n\t\t\t\t\t<\/div>\n\t\t<\/div>\n\t\t\t\t\t<\/div>\n\t\t<\/section>\n\t\t\t\t<section data-particle_enable=\"false\" data-particle-mobile-disabled=\"false\" class=\"elementor-section elementor-top-section elementor-element elementor-element-335f0e6a elementor-section-content-middle elementor-section-height-min-height elementor-section-boxed elementor-section-height-default elementor-section-items-middle\" data-id=\"335f0e6a\" data-element_type=\"section\" data-e-type=\"section\" data-settings=\"{&quot;background_background&quot;:&quot;slideshow&quot;,&quot;background_slideshow_gallery&quot;:[{&quot;id&quot;:5213,&quot;url&quot;:&quot;https:\\\/\\\/www.humanitastorrejon.com\\\/wp-content\\\/uploads\\\/2022\\\/06\\\/HumanitasTorrejon-56_VenConocernos1_v2-scaled.jpg&quot;}],&quot;background_slideshow_loop&quot;:&quot;yes&quot;,&quot;background_slideshow_slide_duration&quot;:5000,&quot;background_slideshow_slide_transition&quot;:&quot;fade&quot;,&quot;background_slideshow_transition_duration&quot;:500}\">\n\t\t\t\t\t\t\t<div class=\"elementor-background-overlay\"><\/div>\n\t\t\t\t\t\t\t<div class=\"elementor-container elementor-column-gap-default\">\n\t\t\t\t\t<div class=\"elementor-column elementor-col-100 elementor-top-column elementor-element elementor-element-bfae7e7\" data-id=\"bfae7e7\" data-element_type=\"column\" data-e-type=\"column\">\n\t\t\t<div class=\"elementor-widget-wrap elementor-element-populated\">\n\t\t\t\t\t\t<div class=\"elementor-element elementor-element-b8d00b2 elementor-widget elementor-widget-heading\" data-id=\"b8d00b2\" data-element_type=\"widget\" data-e-type=\"widget\" data-widget_type=\"heading.default\">\n\t\t\t\t<div class=\"elementor-widget-container\">\n\t\t\t\t\t<h4 class=\"elementor-heading-title elementor-size-default\">Come and meet us<\/h4>\t\t\t\t<\/div>\n\t\t\t\t<\/div>\n\t\t\t\t<div class=\"elementor-element elementor-element-79220fe elementor-widget elementor-widget-text-editor\" data-id=\"79220fe\" data-element_type=\"widget\" data-e-type=\"widget\" data-widget_type=\"text-editor.default\">\n\t\t\t\t<div class=\"elementor-widget-container\">\n\t\t\t\t\t\t\t\t\t<p><span style=\"font-family: 'Open Sans',sans-serif; letter-spacing: .75pt;\">Discover our educational project from the hand of our teaching staff.<\/span><\/p>\t\t\t\t\t\t\t\t<\/div>\n\t\t\t\t<\/div>\n\t\t\t\t<div class=\"elementor-element elementor-element-4f92b78f elementor-align-center elementor-widget elementor-widget-button\" data-id=\"4f92b78f\" data-element_type=\"widget\" data-e-type=\"widget\" data-settings=\"{&quot;_animation&quot;:&quot;none&quot;}\" data-widget_type=\"button.default\">\n\t\t\t\t<div class=\"elementor-widget-container\">\n\t\t\t\t\t\t\t\t\t<div class=\"elementor-button-wrapper\">\n\t\t\t\t\t<a class=\"elementor-button elementor-button-link elementor-size-md elementor-animation-grow\" href=\"https:\/\/wwww.humanitastorrejon.com\/conocenos\/\">\n\t\t\t\t\t\t<span class=\"elementor-button-content-wrapper\">\n\t\t\t\t\t\t<span class=\"elementor-button-icon\">\n\t\t\t\t<i aria-hidden=\"true\" class=\"fas fa-angle-right\"><\/i>\t\t\t<\/span>\n\t\t\t\t\t\t\t\t\t<span class=\"elementor-button-text\">Arrange Interview<\/span>\n\t\t\t\t\t<\/span>\n\t\t\t\t\t<\/a>\n\t\t\t\t<\/div>\n\t\t\t\t\t\t\t\t<\/div>\n\t\t\t\t<\/div>\n\t\t\t\t\t<\/div>\n\t\t<\/div>\n\t\t\t\t\t<\/div>\n\t\t<\/section>\n\t\t\t\t<\/div>\n\t\t","protected":false},"excerpt":{"rendered":"<p>Uniformity Price List General Delivery Note Baccalaureate Delivery Note The uniform application shall be made in the following manner: 1.- Send an email to the following address uniformes@humanitastorrejon.com indicating FULL NAME OF STUDENT, COURSE WITH LETTER and CLOTHING (quantity and size). 2.- The requested garments will be delivered to the students in class in a&hellip;<\/p>\n","protected":false},"author":3,"featured_media":0,"parent":7453,"menu_order":2,"comment_status":"closed","ping_status":"closed","template":"elementor_header_footer","meta":{"_eb_attr":"","footnotes":""},"class_list":["post-14027","page","type-page","status-publish","hentry"],"yoast_head":"<!-- This site is optimized with the Yoast SEO plugin v27.4 - https:\/\/yoast.com\/product\/yoast-seo-wordpress\/ -->\n<title>Uniformity - Humanitas Bilingual School Torrej\u00f3n<\/title>\n<meta name=\"description\" content=\"Humanitas students wear academic and sports uniforms, in accordance with the school&#039;s internal rules and regulations.\" \/>\n<meta name=\"robots\" content=\"index, follow, max-snippet:-1, max-image-preview:large, max-video-preview:-1\" \/>\n<link rel=\"canonical\" href=\"https:\/\/www.humanitastorrejon.com\/acceso-a-familias\/uniformidad\/\" \/>\n<meta property=\"og:locale\" content=\"en_US\" \/>\n<meta property=\"og:type\" content=\"article\" \/>\n<meta property=\"og:title\" content=\"Uniformity - Humanitas Bilingual School Torrej\u00f3n\" \/>\n<meta property=\"og:description\" content=\"Humanitas students wear academic and sports uniforms, in accordance with the school&#039;s internal rules and regulations.\" \/>\n<meta property=\"og:url\" content=\"https:\/\/www.humanitastorrejon.com\/acceso-a-familias\/uniformidad\/\" \/>\n<meta property=\"og:site_name\" content=\"Humanitas Bilingual School Torrej\u00f3n\" \/>\n<meta property=\"article:modified_time\" content=\"2025-07-08T11:25:58+00:00\" \/>\n<meta property=\"og:image\" content=\"https:\/\/www.humanitastorrejon.com\/wp-content\/uploads\/2022\/10\/HBSTJ_Kangaroo-2.webp\" \/>\n\t<meta property=\"og:image:width\" content=\"830\" \/>\n\t<meta property=\"og:image:height\" content=\"770\" \/>\n\t<meta property=\"og:image:type\" content=\"image\/webp\" \/>\n<meta name=\"twitter:card\" content=\"summary_large_image\" \/>\n<meta name=\"twitter:label1\" content=\"Est. reading time\" \/>\n\t<meta name=\"twitter:data1\" content=\"1 minute\" \/>\n<script type=\"application\/ld+json\" class=\"yoast-schema-graph\">{\"@context\":\"https:\\\/\\\/schema.org\",\"@graph\":[{\"@type\":\"WebPage\",\"@id\":\"https:\\\/\\\/www.humanitastorrejon.com\\\/acceso-a-familias\\\/uniformidad\\\/\",\"url\":\"https:\\\/\\\/www.humanitastorrejon.com\\\/acceso-a-familias\\\/uniformidad\\\/\",\"name\":\"Uniformity - Humanitas Bilingual School Torrej\u00f3n\",\"isPartOf\":{\"@id\":\"https:\\\/\\\/www.humanitastorrejon.com\\\/#website\"},\"primaryImageOfPage\":{\"@id\":\"https:\\\/\\\/www.humanitastorrejon.com\\\/acceso-a-familias\\\/uniformidad\\\/#primaryimage\"},\"image\":{\"@id\":\"https:\\\/\\\/www.humanitastorrejon.com\\\/acceso-a-familias\\\/uniformidad\\\/#primaryimage\"},\"thumbnailUrl\":\"https:\\\/\\\/www.humanitastorrejon.com\\\/wp-content\\\/uploads\\\/2022\\\/10\\\/HBSTJ_Kangaroo-2.webp\",\"datePublished\":\"2025-07-08T11:25:56+00:00\",\"dateModified\":\"2025-07-08T11:25:58+00:00\",\"description\":\"Humanitas students wear academic and sports uniforms, in accordance with the school's internal rules and regulations.\",\"breadcrumb\":{\"@id\":\"https:\\\/\\\/www.humanitastorrejon.com\\\/acceso-a-familias\\\/uniformidad\\\/#breadcrumb\"},\"inLanguage\":\"en-US\",\"potentialAction\":[{\"@type\":\"ReadAction\",\"target\":[\"https:\\\/\\\/www.humanitastorrejon.com\\\/acceso-a-familias\\\/uniformidad\\\/\"]}]},{\"@type\":\"ImageObject\",\"inLanguage\":\"en-US\",\"@id\":\"https:\\\/\\\/www.humanitastorrejon.com\\\/acceso-a-familias\\\/uniformidad\\\/#primaryimage\",\"url\":\"https:\\\/\\\/www.humanitastorrejon.com\\\/wp-content\\\/uploads\\\/2022\\\/10\\\/HBSTJ_Kangaroo-2.webp\",\"contentUrl\":\"https:\\\/\\\/www.humanitastorrejon.com\\\/wp-content\\\/uploads\\\/2022\\\/10\\\/HBSTJ_Kangaroo-2.webp\"},{\"@type\":\"BreadcrumbList\",\"@id\":\"https:\\\/\\\/www.humanitastorrejon.com\\\/acceso-a-familias\\\/uniformidad\\\/#breadcrumb\",\"itemListElement\":[{\"@type\":\"ListItem\",\"position\":1,\"name\":\"Family access\",\"item\":\"https:\\\/\\\/www.humanitastorrejon.com\\\/acceso-a-familias\\\/\"},{\"@type\":\"ListItem\",\"position\":2,\"name\":\"Uniformity\"}]},{\"@type\":\"WebSite\",\"@id\":\"https:\\\/\\\/www.humanitastorrejon.com\\\/#website\",\"url\":\"https:\\\/\\\/www.humanitastorrejon.com\\\/\",\"name\":\"Humanitas Bilingual School Torrej\u00f3n\",\"description\":\"Colegio concertado biling\u00fce en Torrej\u00f3n de Ardoz de 2 a 18 a\u00f1os\",\"potentialAction\":[{\"@type\":\"SearchAction\",\"target\":{\"@type\":\"EntryPoint\",\"urlTemplate\":\"https:\\\/\\\/www.humanitastorrejon.com\\\/?s={search_term_string}\"},\"query-input\":{\"@type\":\"PropertyValueSpecification\",\"valueRequired\":true,\"valueName\":\"search_term_string\"}}],\"inLanguage\":\"en-US\"}]}<\/script>\n<!-- \/ Yoast SEO plugin. -->","yoast_head_json":{"title":"Uniformity - Humanitas Bilingual School Torrej\u00f3n","description":"Humanitas students wear academic and sports uniforms, in accordance with the school's internal rules and regulations.","robots":{"index":"index","follow":"follow","max-snippet":"max-snippet:-1","max-image-preview":"max-image-preview:large","max-video-preview":"max-video-preview:-1"},"canonical":"https:\/\/www.humanitastorrejon.com\/acceso-a-familias\/uniformidad\/","og_locale":"en_US","og_type":"article","og_title":"Uniformity - Humanitas Bilingual School Torrej\u00f3n","og_description":"Humanitas students wear academic and sports uniforms, in accordance with the school's internal rules and regulations.","og_url":"https:\/\/www.humanitastorrejon.com\/acceso-a-familias\/uniformidad\/","og_site_name":"Humanitas Bilingual School Torrej\u00f3n","article_modified_time":"2025-07-08T11:25:58+00:00","og_image":[{"width":830,"height":770,"url":"https:\/\/www.humanitastorrejon.com\/wp-content\/uploads\/2022\/10\/HBSTJ_Kangaroo-2.webp","type":"image\/webp"}],"twitter_card":"summary_large_image","twitter_misc":{"Est. reading time":"1 minute"},"schema":{"@context":"https:\/\/schema.org","@graph":[{"@type":"WebPage","@id":"https:\/\/www.humanitastorrejon.com\/acceso-a-familias\/uniformidad\/","url":"https:\/\/www.humanitastorrejon.com\/acceso-a-familias\/uniformidad\/","name":"Uniformity - Humanitas Bilingual School Torrej\u00f3n","isPartOf":{"@id":"https:\/\/www.humanitastorrejon.com\/#website"},"primaryImageOfPage":{"@id":"https:\/\/www.humanitastorrejon.com\/acceso-a-familias\/uniformidad\/#primaryimage"},"image":{"@id":"https:\/\/www.humanitastorrejon.com\/acceso-a-familias\/uniformidad\/#primaryimage"},"thumbnailUrl":"https:\/\/www.humanitastorrejon.com\/wp-content\/uploads\/2022\/10\/HBSTJ_Kangaroo-2.webp","datePublished":"2025-07-08T11:25:56+00:00","dateModified":"2025-07-08T11:25:58+00:00","description":"Humanitas students wear academic and sports uniforms, in accordance with the school's internal rules and regulations.","breadcrumb":{"@id":"https:\/\/www.humanitastorrejon.com\/acceso-a-familias\/uniformidad\/#breadcrumb"},"inLanguage":"en-US","potentialAction":[{"@type":"ReadAction","target":["https:\/\/www.humanitastorrejon.com\/acceso-a-familias\/uniformidad\/"]}]},{"@type":"ImageObject","inLanguage":"en-US","@id":"https:\/\/www.humanitastorrejon.com\/acceso-a-familias\/uniformidad\/#primaryimage","url":"https:\/\/www.humanitastorrejon.com\/wp-content\/uploads\/2022\/10\/HBSTJ_Kangaroo-2.webp","contentUrl":"https:\/\/www.humanitastorrejon.com\/wp-content\/uploads\/2022\/10\/HBSTJ_Kangaroo-2.webp"},{"@type":"BreadcrumbList","@id":"https:\/\/www.humanitastorrejon.com\/acceso-a-familias\/uniformidad\/#breadcrumb","itemListElement":[{"@type":"ListItem","position":1,"name":"Family access","item":"https:\/\/www.humanitastorrejon.com\/acceso-a-familias\/"},{"@type":"ListItem","position":2,"name":"Uniformity"}]},{"@type":"WebSite","@id":"https:\/\/www.humanitastorrejon.com\/#website","url":"https:\/\/www.humanitastorrejon.com\/","name":"Humanitas Bilingual School Torrej\u00f3n","description":"Colegio concertado biling\u00fce en Torrej\u00f3n de Ardoz de 2 a 18 a\u00f1os","potentialAction":[{"@type":"SearchAction","target":{"@type":"EntryPoint","urlTemplate":"https:\/\/www.humanitastorrejon.com\/?s={search_term_string}"},"query-input":{"@type":"PropertyValueSpecification","valueRequired":true,"valueName":"search_term_string"}}],"inLanguage":"en-US"}]}},"_links":{"self":[{"href":"https:\/\/www.humanitastorrejon.com\/en\/wp-json\/wp\/v2\/pages\/14027","targetHints":{"allow":["GET"]}}],"collection":[{"href":"https:\/\/www.humanitastorrejon.com\/en\/wp-json\/wp\/v2\/pages"}],"about":[{"href":"https:\/\/www.humanitastorrejon.com\/en\/wp-json\/wp\/v2\/types\/page"}],"author":[{"embeddable":true,"href":"https:\/\/www.humanitastorrejon.com\/en\/wp-json\/wp\/v2\/users\/3"}],"replies":[{"embeddable":true,"href":"https:\/\/www.humanitastorrejon.com\/en\/wp-json\/wp\/v2\/comments?post=14027"}],"version-history":[{"count":2,"href":"https:\/\/www.humanitastorrejon.com\/en\/wp-json\/wp\/v2\/pages\/14027\/revisions"}],"predecessor-version":[{"id":14029,"href":"https:\/\/www.humanitastorrejon.com\/en\/wp-json\/wp\/v2\/pages\/14027\/revisions\/14029"}],"up":[{"embeddable":true,"href":"https:\/\/www.humanitastorrejon.com\/en\/wp-json\/wp\/v2\/pages\/7453"}],"wp:attachment":[{"href":"https:\/\/www.humanitastorrejon.com\/en\/wp-json\/wp\/v2\/media?parent=14027"}],"curies":[{"name":"wp","href":"https:\/\/api.w.org\/{rel}","templated":true}]}}