{"id":14006,"date":"2025-07-08T07:05:51","date_gmt":"2025-07-08T07:05:51","guid":{"rendered":"https:\/\/www.humanitastorrejon.com\/digital-plan\/"},"modified":"2025-07-08T07:05:51","modified_gmt":"2025-07-08T07:05:51","slug":"digital-plan","status":"publish","type":"page","link":"https:\/\/www.humanitastorrejon.com\/en\/digital-plan\/","title":{"rendered":"Digital Plan"},"content":{"rendered":"\t\t<div data-elementor-type=\"wp-page\" data-elementor-id=\"14006\" class=\"elementor elementor-14006 elementor-8018\">\n\t\t\t\t\t\t<section data-particle_enable=\"false\" data-particle-mobile-disabled=\"false\" class=\"elementor-section elementor-top-section elementor-element elementor-element-19c63d0b elementor-section-content-middle proyectos elementor-section-boxed elementor-section-height-default elementor-section-height-default\" data-id=\"19c63d0b\" data-element_type=\"section\" data-e-type=\"section\" id=\"proyectos\" data-settings=\"{&quot;background_background&quot;:&quot;classic&quot;}\">\n\t\t\t\t\t\t<div class=\"elementor-container elementor-column-gap-no\">\n\t\t\t\t\t<div class=\"elementor-column elementor-col-100 elementor-top-column elementor-element elementor-element-63bb1442\" data-id=\"63bb1442\" data-element_type=\"column\" data-e-type=\"column\">\n\t\t\t<div class=\"elementor-widget-wrap elementor-element-populated\">\n\t\t\t\t\t\t<div class=\"elementor-element elementor-element-4df80abe animated-slow elementor-invisible elementor-widget elementor-widget-heading\" data-id=\"4df80abe\" data-element_type=\"widget\" data-e-type=\"widget\" data-settings=\"{&quot;_animation&quot;:&quot;fadeInUp&quot;,&quot;_animation_delay&quot;:100}\" data-widget_type=\"heading.default\">\n\t\t\t\t<div class=\"elementor-widget-container\">\n\t\t\t\t\t<h1 class=\"elementor-heading-title elementor-size-default\">Centro Digital Plan 2024-2025<\/h1>\t\t\t\t<\/div>\n\t\t\t\t<\/div>\n\t\t\t\t\t<\/div>\n\t\t<\/div>\n\t\t\t\t\t<\/div>\n\t\t<\/section>\n\t\t\t\t<section data-particle_enable=\"false\" data-particle-mobile-disabled=\"false\" class=\"elementor-section elementor-top-section elementor-element elementor-element-34f4794 elementor-section-boxed elementor-section-height-default elementor-section-height-default\" data-id=\"34f4794\" data-element_type=\"section\" data-e-type=\"section\">\n\t\t\t\t\t\t<div class=\"elementor-container elementor-column-gap-default\">\n\t\t\t\t\t<div class=\"elementor-column elementor-col-100 elementor-top-column elementor-element elementor-element-77713a29\" data-id=\"77713a29\" data-element_type=\"column\" data-e-type=\"column\">\n\t\t\t<div class=\"elementor-widget-wrap elementor-element-populated\">\n\t\t\t\t\t\t<div class=\"elementor-element elementor-element-1f70378 elementor-widget elementor-widget-spacer\" data-id=\"1f70378\" data-element_type=\"widget\" data-e-type=\"widget\" data-widget_type=\"spacer.default\">\n\t\t\t\t<div class=\"elementor-widget-container\">\n\t\t\t\t\t\t\t<div class=\"elementor-spacer\">\n\t\t\t<div class=\"elementor-spacer-inner\"><\/div>\n\t\t<\/div>\n\t\t\t\t\t\t<\/div>\n\t\t\t\t<\/div>\n\t\t\t\t<div class=\"elementor-element elementor-element-58c3d8cd elementor-widget elementor-widget-heading\" data-id=\"58c3d8cd\" data-element_type=\"widget\" data-e-type=\"widget\" data-widget_type=\"heading.default\">\n\t\t\t\t<div class=\"elementor-widget-container\">\n\t\t\t\t\t<h2 class=\"elementor-heading-title elementor-size-default\">Digital Plan for the 2024-2025 school year for the Infant, Primary and Secondary Education Centers.<\/h2>\t\t\t\t<\/div>\n\t\t\t\t<\/div>\n\t\t\t\t<div class=\"elementor-element elementor-element-47e57c78 elementor-widget elementor-widget-text-editor\" data-id=\"47e57c78\" data-element_type=\"widget\" data-e-type=\"widget\" data-widget_type=\"text-editor.default\">\n\t\t\t\t<div class=\"elementor-widget-container\">\n\t\t\t\t\t\t\t\t\tThe School Digital Plan is understood as an instrument that favors and promotes the use of digital media, both in the teaching-learning processes and in the rest of the management processes of our School, always with the ultimate goal of collaborating in the integral development of the students. For this reason, it is an instrument that is integrated in the Educational Project and in the Annual General Programming of the School. \t\t\t\t\t\t\t\t<\/div>\n\t\t\t\t<\/div>\n\t\t\t\t<div class=\"elementor-element elementor-element-0f50409 elementor-widget elementor-widget-text-editor\" data-id=\"0f50409\" data-element_type=\"widget\" data-e-type=\"widget\" data-widget_type=\"text-editor.default\">\n\t\t\t\t<div class=\"elementor-widget-container\">\n\t\t\t\t\t\t\t\t\tThis Digital Plan offers a center focus on the use of the available digital pedagogical resources to make the most of their possibilities, so that it becomes a project shared by all members of the educational community, which gives coherence and guides the use of technologies.\t\t\t\t\t\t\t\t<\/div>\n\t\t\t\t<\/div>\n\t\t\t\t<div class=\"elementor-element elementor-element-2b7a130 elementor-widget elementor-widget-text-editor\" data-id=\"2b7a130\" data-element_type=\"widget\" data-e-type=\"widget\" data-widget_type=\"text-editor.default\">\n\t\t\t\t<div class=\"elementor-widget-container\">\n\t\t\t\t\t\t\t\t\t<p>We present the Digital Plan of the Center for Early Childhood Education, Primary Education, Secondary Education and High School, as well as the corresponding SELFIE &#8220;self-reflection&#8221; on the integration of technologies in the teaching-learning processes of our students.<\/p>\t\t\t\t\t\t\t\t<\/div>\n\t\t\t\t<\/div>\n\t\t\t\t<div class=\"elementor-element elementor-element-693c7bb elementor-widget elementor-widget-spacer\" data-id=\"693c7bb\" data-element_type=\"widget\" data-e-type=\"widget\" data-widget_type=\"spacer.default\">\n\t\t\t\t<div class=\"elementor-widget-container\">\n\t\t\t\t\t\t\t<div class=\"elementor-spacer\">\n\t\t\t<div class=\"elementor-spacer-inner\"><\/div>\n\t\t<\/div>\n\t\t\t\t\t\t<\/div>\n\t\t\t\t<\/div>\n\t\t\t\t\t<\/div>\n\t\t<\/div>\n\t\t\t\t\t<\/div>\n\t\t<\/section>\n\t\t\t\t<section data-particle_enable=\"false\" data-particle-mobile-disabled=\"false\" class=\"elementor-section elementor-top-section elementor-element elementor-element-5c3c0e12 elementor-section-boxed elementor-section-height-default elementor-section-height-default\" data-id=\"5c3c0e12\" data-element_type=\"section\" data-e-type=\"section\" data-settings=\"{&quot;background_background&quot;:&quot;classic&quot;}\">\n\t\t\t\t\t\t<div class=\"elementor-container elementor-column-gap-no\">\n\t\t\t\t\t<div class=\"elementor-column elementor-col-100 elementor-top-column elementor-element elementor-element-3ff4a8ca\" data-id=\"3ff4a8ca\" data-element_type=\"column\" data-e-type=\"column\">\n\t\t\t<div class=\"elementor-widget-wrap elementor-element-populated\">\n\t\t\t\t\t\t<div class=\"elementor-element elementor-element-5755af43 elementor-widget elementor-widget-spacer\" data-id=\"5755af43\" data-element_type=\"widget\" data-e-type=\"widget\" data-widget_type=\"spacer.default\">\n\t\t\t\t<div class=\"elementor-widget-container\">\n\t\t\t\t\t\t\t<div class=\"elementor-spacer\">\n\t\t\t<div class=\"elementor-spacer-inner\"><\/div>\n\t\t<\/div>\n\t\t\t\t\t\t<\/div>\n\t\t\t\t<\/div>\n\t\t\t\t<section data-particle_enable=\"false\" data-particle-mobile-disabled=\"false\" class=\"elementor-section elementor-inner-section elementor-element elementor-element-5803de9f elementor-section-full_width elementor-section-height-default elementor-section-height-default\" data-id=\"5803de9f\" data-element_type=\"section\" data-e-type=\"section\" data-settings=\"{&quot;background_background&quot;:&quot;classic&quot;}\">\n\t\t\t\t\t\t\t<div class=\"elementor-background-overlay\"><\/div>\n\t\t\t\t\t\t\t<div class=\"elementor-container elementor-column-gap-no\">\n\t\t\t\t\t<div class=\"elementor-column elementor-col-100 elementor-inner-column elementor-element elementor-element-742574d5\" data-id=\"742574d5\" data-element_type=\"column\" data-e-type=\"column\">\n\t\t\t<div class=\"elementor-widget-wrap elementor-element-populated\">\n\t\t\t\t\t\t<div class=\"elementor-element elementor-element-4826079b elementor-position-inline-start elementor-view-default elementor-mobile-position-block-start elementor-invisible elementor-widget elementor-widget-icon-box\" data-id=\"4826079b\" data-element_type=\"widget\" data-e-type=\"widget\" data-settings=\"{&quot;_animation&quot;:&quot;fadeIn&quot;}\" data-widget_type=\"icon-box.default\">\n\t\t\t\t<div class=\"elementor-widget-container\">\n\t\t\t\t\t\t\t<div class=\"elementor-icon-box-wrapper\">\n\n\t\t\t\t\t\t<div class=\"elementor-icon-box-icon\">\n\t\t\t\t<a href=\"https:\/\/www.humanitastorrejon.com\/wp-content\/uploads\/2025\/07\/PDC-CE4.0_v00.pdf\" target=\"_blank\" class=\"elementor-icon\" tabindex=\"-1\" aria-label=\"Center Digital Plan  \">\n\t\t\t\t<i aria-hidden=\"true\" class=\"fas fa-file-pdf\"><\/i>\t\t\t\t<\/a>\n\t\t\t<\/div>\n\t\t\t\n\t\t\t\t\t\t<div class=\"elementor-icon-box-content\">\n\n\t\t\t\t\t\t\t\t\t<h4 class=\"elementor-icon-box-title\">\n\t\t\t\t\t\t<a href=\"https:\/\/www.humanitastorrejon.com\/wp-content\/uploads\/2025\/07\/PDC-CE4.0_v00.pdf\" target=\"_blank\" >\n\t\t\t\t\t\t\tCenter Digital Plan  \t\t\t\t\t\t<\/a>\n\t\t\t\t\t<\/h4>\n\t\t\t\t\n\t\t\t\t\n\t\t\t<\/div>\n\t\t\t\n\t\t<\/div>\n\t\t\t\t\t\t<\/div>\n\t\t\t\t<\/div>\n\t\t\t\t\t<\/div>\n\t\t<\/div>\n\t\t\t\t\t<\/div>\n\t\t<\/section>\n\t\t\t\t<div class=\"elementor-element elementor-element-5a232992 elementor-widget elementor-widget-spacer\" data-id=\"5a232992\" data-element_type=\"widget\" data-e-type=\"widget\" data-widget_type=\"spacer.default\">\n\t\t\t\t<div class=\"elementor-widget-container\">\n\t\t\t\t\t\t\t<div class=\"elementor-spacer\">\n\t\t\t<div class=\"elementor-spacer-inner\"><\/div>\n\t\t<\/div>\n\t\t\t\t\t\t<\/div>\n\t\t\t\t<\/div>\n\t\t\t\t\t<\/div>\n\t\t<\/div>\n\t\t\t\t\t<\/div>\n\t\t<\/section>\n\t\t\t\t<section data-particle_enable=\"false\" data-particle-mobile-disabled=\"false\" class=\"elementor-section elementor-top-section elementor-element elementor-element-50bc5f6c elementor-section-content-middle elementor-section-height-min-height elementor-section-boxed elementor-section-height-default elementor-section-items-middle\" data-id=\"50bc5f6c\" data-element_type=\"section\" data-e-type=\"section\" data-settings=\"{&quot;background_background&quot;:&quot;slideshow&quot;,&quot;background_slideshow_gallery&quot;:[{&quot;id&quot;:5213,&quot;url&quot;:&quot;https:\\\/\\\/www.humanitastorrejon.com\\\/wp-content\\\/uploads\\\/2022\\\/06\\\/HumanitasTorrejon-56_VenConocernos1_v2-scaled.jpg&quot;}],&quot;background_slideshow_loop&quot;:&quot;yes&quot;,&quot;background_slideshow_slide_duration&quot;:5000,&quot;background_slideshow_slide_transition&quot;:&quot;fade&quot;,&quot;background_slideshow_transition_duration&quot;:500}\">\n\t\t\t\t\t\t\t<div class=\"elementor-background-overlay\"><\/div>\n\t\t\t\t\t\t\t<div class=\"elementor-container elementor-column-gap-default\">\n\t\t\t\t\t<div class=\"elementor-column elementor-col-100 elementor-top-column elementor-element elementor-element-30f13cf9\" data-id=\"30f13cf9\" data-element_type=\"column\" data-e-type=\"column\">\n\t\t\t<div class=\"elementor-widget-wrap elementor-element-populated\">\n\t\t\t\t\t\t<div class=\"elementor-element elementor-element-71ee97df elementor-widget elementor-widget-heading\" data-id=\"71ee97df\" data-element_type=\"widget\" data-e-type=\"widget\" data-widget_type=\"heading.default\">\n\t\t\t\t<div class=\"elementor-widget-container\">\n\t\t\t\t\t<h4 class=\"elementor-heading-title elementor-size-default\">Come and meet us<\/h4>\t\t\t\t<\/div>\n\t\t\t\t<\/div>\n\t\t\t\t<div class=\"elementor-element elementor-element-27970988 elementor-widget elementor-widget-text-editor\" data-id=\"27970988\" data-element_type=\"widget\" data-e-type=\"widget\" data-widget_type=\"text-editor.default\">\n\t\t\t\t<div class=\"elementor-widget-container\">\n\t\t\t\t\t\t\t\t\tDiscover our educational project from the hand of our teaching staff.\t\t\t\t\t\t\t\t<\/div>\n\t\t\t\t<\/div>\n\t\t\t\t<div class=\"elementor-element elementor-element-7ad147be elementor-align-center elementor-widget elementor-widget-button\" data-id=\"7ad147be\" data-element_type=\"widget\" data-e-type=\"widget\" data-settings=\"{&quot;_animation&quot;:&quot;none&quot;}\" data-widget_type=\"button.default\">\n\t\t\t\t<div class=\"elementor-widget-container\">\n\t\t\t\t\t\t\t\t\t<div class=\"elementor-button-wrapper\">\n\t\t\t\t\t<a class=\"elementor-button elementor-button-link elementor-size-md elementor-animation-grow\" href=\"https:\/\/www.humanitastorrejon.com\/en\/about-us\/\">\n\t\t\t\t\t\t<span class=\"elementor-button-content-wrapper\">\n\t\t\t\t\t\t<span class=\"elementor-button-icon\">\n\t\t\t\t<i aria-hidden=\"true\" class=\"fas fa-angle-right\"><\/i>\t\t\t<\/span>\n\t\t\t\t\t\t\t\t\t<span class=\"elementor-button-text\">Arrange Interview<\/span>\n\t\t\t\t\t<\/span>\n\t\t\t\t\t<\/a>\n\t\t\t\t<\/div>\n\t\t\t\t\t\t\t\t<\/div>\n\t\t\t\t<\/div>\n\t\t\t\t\t<\/div>\n\t\t<\/div>\n\t\t\t\t\t<\/div>\n\t\t<\/section>\n\t\t\t\t<\/div>\n\t\t","protected":false},"excerpt":{"rendered":"<p>Centro Digital Plan 2024-2025 Digital Plan for the 2024-2025 school year for the Infant, Primary and Secondary Education Centers. The School Digital Plan is understood as an instrument that favors and promotes the use of digital media, both in the teaching-learning processes and in the rest of the management processes of our School, always with&hellip;<\/p>\n","protected":false},"author":1,"featured_media":0,"parent":0,"menu_order":0,"comment_status":"closed","ping_status":"closed","template":"elementor_header_footer","meta":{"_eb_attr":"","footnotes":""},"class_list":["post-14006","page","type-page","status-publish","hentry"],"yoast_head":"<!-- This site is optimized with the Yoast SEO plugin v27.4 - https:\/\/yoast.com\/product\/yoast-seo-wordpress\/ -->\n<title>Digital Plan - Humanitas Bilingual School Torrej\u00f3n<\/title>\n<meta name=\"description\" content=\"Digital Plan of Humanitas Bilingual School Torrej\u00f3n: innovation, technology and digital education to prepare our students for the future.\" \/>\n<meta name=\"robots\" content=\"index, follow, max-snippet:-1, max-image-preview:large, max-video-preview:-1\" \/>\n<link rel=\"canonical\" href=\"https:\/\/www.humanitastorrejon.com\/en\/digital-plan\/\" \/>\n<meta property=\"og:locale\" content=\"en_US\" \/>\n<meta property=\"og:type\" content=\"article\" \/>\n<meta property=\"og:title\" content=\"Digital Plan - Humanitas Bilingual School Torrej\u00f3n\" \/>\n<meta property=\"og:description\" content=\"Digital Plan of Humanitas Bilingual School Torrej\u00f3n: innovation, technology and digital education to prepare our students for the future.\" \/>\n<meta property=\"og:url\" content=\"https:\/\/www.humanitastorrejon.com\/en\/digital-plan\/\" \/>\n<meta property=\"og:site_name\" content=\"Humanitas Bilingual School Torrej\u00f3n\" \/>\n<meta name=\"twitter:card\" content=\"summary_large_image\" \/>\n<meta name=\"twitter:label1\" content=\"Est. reading time\" \/>\n\t<meta name=\"twitter:data1\" content=\"1 minute\" \/>\n<script type=\"application\/ld+json\" class=\"yoast-schema-graph\">{\"@context\":\"https:\\\/\\\/schema.org\",\"@graph\":[{\"@type\":\"WebPage\",\"@id\":\"https:\\\/\\\/www.humanitastorrejon.com\\\/en\\\/digital-plan\\\/\",\"url\":\"https:\\\/\\\/www.humanitastorrejon.com\\\/en\\\/digital-plan\\\/\",\"name\":\"Digital Plan - Humanitas Bilingual School Torrej\u00f3n\",\"isPartOf\":{\"@id\":\"https:\\\/\\\/www.humanitastorrejon.com\\\/#website\"},\"datePublished\":\"2025-07-08T07:05:51+00:00\",\"description\":\"Digital Plan of Humanitas Bilingual School Torrej\u00f3n: innovation, technology and digital education to prepare our students for the future.\",\"inLanguage\":\"en-US\",\"potentialAction\":[{\"@type\":\"ReadAction\",\"target\":[\"https:\\\/\\\/www.humanitastorrejon.com\\\/en\\\/digital-plan\\\/\"]}]},{\"@type\":\"WebSite\",\"@id\":\"https:\\\/\\\/www.humanitastorrejon.com\\\/#website\",\"url\":\"https:\\\/\\\/www.humanitastorrejon.com\\\/\",\"name\":\"Humanitas Bilingual School Torrej\u00f3n\",\"description\":\"Colegio concertado biling\u00fce en Torrej\u00f3n de Ardoz de 2 a 18 a\u00f1os\",\"potentialAction\":[{\"@type\":\"SearchAction\",\"target\":{\"@type\":\"EntryPoint\",\"urlTemplate\":\"https:\\\/\\\/www.humanitastorrejon.com\\\/?s={search_term_string}\"},\"query-input\":{\"@type\":\"PropertyValueSpecification\",\"valueRequired\":true,\"valueName\":\"search_term_string\"}}],\"inLanguage\":\"en-US\"}]}<\/script>\n<!-- \/ Yoast SEO plugin. -->","yoast_head_json":{"title":"Digital Plan - Humanitas Bilingual School Torrej\u00f3n","description":"Digital Plan of Humanitas Bilingual School Torrej\u00f3n: innovation, technology and digital education to prepare our students for the future.","robots":{"index":"index","follow":"follow","max-snippet":"max-snippet:-1","max-image-preview":"max-image-preview:large","max-video-preview":"max-video-preview:-1"},"canonical":"https:\/\/www.humanitastorrejon.com\/en\/digital-plan\/","og_locale":"en_US","og_type":"article","og_title":"Digital Plan - Humanitas Bilingual School Torrej\u00f3n","og_description":"Digital Plan of Humanitas Bilingual School Torrej\u00f3n: innovation, technology and digital education to prepare our students for the future.","og_url":"https:\/\/www.humanitastorrejon.com\/en\/digital-plan\/","og_site_name":"Humanitas Bilingual School Torrej\u00f3n","twitter_card":"summary_large_image","twitter_misc":{"Est. reading time":"1 minute"},"schema":{"@context":"https:\/\/schema.org","@graph":[{"@type":"WebPage","@id":"https:\/\/www.humanitastorrejon.com\/en\/digital-plan\/","url":"https:\/\/www.humanitastorrejon.com\/en\/digital-plan\/","name":"Digital Plan - Humanitas Bilingual School Torrej\u00f3n","isPartOf":{"@id":"https:\/\/www.humanitastorrejon.com\/#website"},"datePublished":"2025-07-08T07:05:51+00:00","description":"Digital Plan of Humanitas Bilingual School Torrej\u00f3n: innovation, technology and digital education to prepare our students for the future.","inLanguage":"en-US","potentialAction":[{"@type":"ReadAction","target":["https:\/\/www.humanitastorrejon.com\/en\/digital-plan\/"]}]},{"@type":"WebSite","@id":"https:\/\/www.humanitastorrejon.com\/#website","url":"https:\/\/www.humanitastorrejon.com\/","name":"Humanitas Bilingual School Torrej\u00f3n","description":"Colegio concertado biling\u00fce en Torrej\u00f3n de Ardoz de 2 a 18 a\u00f1os","potentialAction":[{"@type":"SearchAction","target":{"@type":"EntryPoint","urlTemplate":"https:\/\/www.humanitastorrejon.com\/?s={search_term_string}"},"query-input":{"@type":"PropertyValueSpecification","valueRequired":true,"valueName":"search_term_string"}}],"inLanguage":"en-US"}]}},"_links":{"self":[{"href":"https:\/\/www.humanitastorrejon.com\/en\/wp-json\/wp\/v2\/pages\/14006","targetHints":{"allow":["GET"]}}],"collection":[{"href":"https:\/\/www.humanitastorrejon.com\/en\/wp-json\/wp\/v2\/pages"}],"about":[{"href":"https:\/\/www.humanitastorrejon.com\/en\/wp-json\/wp\/v2\/types\/page"}],"author":[{"embeddable":true,"href":"https:\/\/www.humanitastorrejon.com\/en\/wp-json\/wp\/v2\/users\/1"}],"replies":[{"embeddable":true,"href":"https:\/\/www.humanitastorrejon.com\/en\/wp-json\/wp\/v2\/comments?post=14006"}],"version-history":[{"count":1,"href":"https:\/\/www.humanitastorrejon.com\/en\/wp-json\/wp\/v2\/pages\/14006\/revisions"}],"predecessor-version":[{"id":14007,"href":"https:\/\/www.humanitastorrejon.com\/en\/wp-json\/wp\/v2\/pages\/14006\/revisions\/14007"}],"wp:attachment":[{"href":"https:\/\/www.humanitastorrejon.com\/en\/wp-json\/wp\/v2\/media?parent=14006"}],"curies":[{"name":"wp","href":"https:\/\/api.w.org\/{rel}","templated":true}]}}